{"id":1375,"date":"2017-05-26T13:21:00","date_gmt":"2017-05-26T13:21:00","guid":{"rendered":"http:\/\/www.borest.it\/altri-sport-e-tempo-libero"},"modified":"2024-01-31T19:06:57","modified_gmt":"2024-01-31T19:06:57","slug":"weitere-sportarten","status":"publish","type":"page","link":"https:\/\/borest.it\/de\/weitere-sportarten\/","title":{"rendered":"Weitere Sportarten"},"content":{"rendered":"<div class=\"wpb-content-wrapper\">[vc_row fullwidth=&#8220;true&#8220; parallax=&#8220;content-moving&#8220; css=&#8220;.vc_custom_1495804850808{background-image: url(http:\/\/www.borest.it\/wp-content\/uploads\/2017\/05\/casa-vacanza-charme-les-houches-chalet-di-montagna-di-charme_22.jpg?id=479) !important;}&#8220;][vc_column][mk_page_title_box page_title=&#8220;Sport und Freizeit&#8220; page_subtitle=&#8220;Die herrliche Bergwelt von Alta Badia bietet Ihnen zahlreiche M\u00f6glichkeiten zur aktiven Freizeitgestaltung.&#8220; section_height=&#8220;600&#8243; bg_position=&#8220;center center&#8220; bg_stretch=&#8220;true&#8220; overlay=&#8220;rgba(2,2,2,0.32)&#8220; bg_effects=&#8220;parallaxZoomOut&#8220; font_color=&#8220;#ffffff&#8220; sub_font_color=&#8220;#ffffff&#8220;][\/vc_column][\/vc_row][vc_row fullwidth=&#8220;true&#8220; fullwidth_content=&#8220;false&#8220; column_padding=&#8220;5&#8243;][vc_column width=&#8220;1\/6&#8243;][\/vc_column][vc_column width=&#8220;2\/3&#8243; css=&#8220;.vc_custom_1494920402653{padding: 7% !important;}&#8220;][mk_fancy_title font_family=&#8220;none&#8220;]\n<h2 style=\"text-align: center;\">Wanderungen \/ Nordic walking \/ Schneeschuhwanderungen<\/h2>\n[\/mk_fancy_title][vc_column_text]<span class=\"xhtmlContent\">In Alta Badia stehen Ihnen <strong>80 km an sorgf\u00e4ltig pr\u00e4parierten Winterwanderwegen zur Verf\u00fcgung<\/strong>. <\/span><\/p>\n<p><span class=\"xhtmlContent\">Sie wandern durch W\u00e4lder und Wiesen und schon nach wenigen Minuten k\u00f6nnen Sie in die unber\u00fchrte Natur der Dolomiten eintauchen; L\u00e4rm, Verkehr und Stress sind vergessen. <\/span><\/p>\n<p><a href=\"http:\/\/www.altabadia.org\/de\/winter-urlaub-suedtirol\/aktivitaeten-und-tipps\/winterwandern.html\" target=\"_blank\" rel=\"shadowbox; width=1100 noopener\">&#8230;clicken Sie hier f\u00fcr weitere Infos<\/a>[\/vc_column_text][\/vc_column][vc_column width=&#8220;1\/6&#8243;][\/vc_column][\/vc_row][vc_row fullwidth=&#8220;true&#8220; fullwidth_content=&#8220;false&#8220; column_padding=&#8220;5&#8243; css=&#8220;.vc_custom_1495803981130{background-color: #f1f1f1 !important;}&#8220;][vc_column width=&#8220;1\/6&#8243;][\/vc_column][vc_column width=&#8220;2\/3&#8243; css=&#8220;.vc_custom_1494920402653{padding: 7% !important;}&#8220;][mk_fancy_title font_family=&#8220;none&#8220;]\n<h2 style=\"text-align: center;\">Eislaufen<\/h2>\n[\/mk_fancy_title][vc_column_text css=&#8220;.vc_custom_1706727913092{margin-bottom: 0px !important;}&#8220;]\n<table border=\"0\" cellspacing=\"1\" cellpadding=\"1\">\n<tbody>\n<tr>\n<td valign=\"top\"><strong>EISLAUFHALLE<br \/>\n<\/strong><strong>Nachmittags und Abends\u00a0mit disco music<\/strong><br \/>\nStr. Burj\u00e8 3, Corvara<br \/>\nTel. 0471 830301<br \/>\nTel. Mobil 335 337930<br \/>\nOffen: 15:00- 18:00\/ 21:00 &#8211; 23:00<br \/>\nVerleih von Schlittschuhen und Eisst\u00f6cken m\u00f6glich<\/td>\n<td valign=\"top\"><strong>SOMPUNT SEE<\/strong><br \/>\nEislaufen und Eisstockschiessen<br \/>\nLoc. Sompunt 36, Badia<br \/>\n<span style=\"font-family: inherit; font-size: inherit;\">Tel. 0471 847015<\/span>&nbsp;<\/p>\n<p><strong style=\"font-family: inherit; font-size: inherit;\">15.01.2024 &#8211; 07.04.2024<\/strong><\/p>\n<p>Von 10.30 bis 22.00<br \/>\nVerleih von Schlittschuhen und Eisst\u00f6cken m\u00f6glich<\/td>\n<\/tr>\n<\/tbody>\n<\/table>\n[\/vc_column_text][\/vc_column][vc_column width=&#8220;1\/6&#8243;][\/vc_column][\/vc_row][vc_row fullwidth=&#8220;true&#8220; fullwidth_content=&#8220;false&#8220; column_padding=&#8220;5&#8243;][vc_column width=&#8220;1\/6&#8243;][\/vc_column][vc_column width=&#8220;2\/3&#8243; css=&#8220;.vc_custom_1494920402653{padding: 7% !important;}&#8220;][mk_fancy_title font_family=&#8220;none&#8220;]\n<h2 style=\"text-align: center;\">Rodeln<\/h2>\n[\/mk_fancy_title][vc_column_text]<strong>Nat\u00fcrrodelbahn:<\/strong><\/p>\n<ul>\n<li><a href=\"http:\/\/www.altabadia.org\/de\/winter-urlaub-suedtirol\/aktivitaeten-und-tipps\/rodeln.html\" target=\"_blank\" rel=\"shadowbox; width=1100 noopener\">&#8222;Tr\u00f9 li\u00f6sa Foram&#8220; Piz Sorega (2.003 m) &#8211; San Cassiano (1.537 m)<br \/>\n<\/a><\/li>\n<\/ul>\n<p><strong>Rodelbahnen\u00a0in\u00a0Alta Badia:<br \/>\n<\/strong><\/p>\n<ul>\n<li><a href=\"http:\/\/www.altabadia.org\/de\/winter-urlaub-suedtirol\/aktivitaeten-und-tipps\/rodeln.html\" target=\"_blank\" rel=\"shadowbox; width=1100 noopener\">Sp\u00ebscia &#8211; Armentara &#8211; La Crusc<br \/>\n<\/a><\/li>\n<li><a href=\"https:\/\/www.altabadia.org\/de\/winter-urlaub-suedtirol\/aktivitaeten-und-tipps\/rodeln.html\" target=\"_blank\" rel=\"shadowbox; width=1100 noopener\">Cherz Plateau\u00a0&#8211; J\u00e4gerweg &#8211; Planac<br \/>\n<\/a><\/li>\n<li><a href=\"http:\/\/www.altabadia.org\/de\/winter-urlaub-suedtirol\/aktivitaeten-und-tipps\/rodeln.html\" target=\"_blank\" rel=\"shadowbox; width=1100 noopener\">Pralongi\u00e0\/St\u00f6res Plateau\u00a0&#8211; Armentarola\/St. Kassian<\/a><\/li>\n<\/ul>\n[\/vc_column_text][\/vc_column][vc_column width=&#8220;1\/6&#8243;][\/vc_column][\/vc_row][vc_row fullwidth=&#8220;true&#8220; fullwidth_content=&#8220;false&#8220; column_padding=&#8220;5&#8243; css=&#8220;.vc_custom_1495803981130{background-color: #f1f1f1 !important;}&#8220;][vc_column width=&#8220;1\/6&#8243;][\/vc_column][vc_column width=&#8220;2\/3&#8243; css=&#8220;.vc_custom_1494920402653{padding: 7% !important;}&#8220;][mk_fancy_title font_family=&#8220;none&#8220;]\n<h2 style=\"text-align: center;\">Reiten<\/h2>\n[\/mk_fancy_title][vc_column_text css=&#8220;.vc_custom_1706727999710{margin-bottom: 0px !important;}&#8220;]Alta Badia zu Pferd erleben<\/p>\n<h3><\/h3>\n<h4>Die Reiterzentren in Alta Badia<\/h4>\n<table border=\"0\" summary=\"\" width=\"490\" cellspacing=\"1\" cellpadding=\"1\">\n<tbody>\n<tr>\n<td>\u00a0Armentarola<\/td>\n<td>\u00a0St. Kassian &#8211; c\/o Hotel Armentarola<\/td>\n<td>+39 0471 849 522<\/td>\n<\/tr>\n<tr>\n<td>\u00a0Col Dala Vara<\/td>\n<td>\u00a0St. Kassian &#8211; Str. Costadedoi, 79<\/td>\n<td>+39 333 23 68 082<\/td>\n<\/tr>\n<tr>\n<td>\u00a0Teresa<\/td>\n<td>\u00a0Badia &#8211; c\/o Hotel Teresa, Str. Damez 64<\/td>\n<td>+39 339 3913 677<\/td>\n<\/tr>\n<tr>\n<td>\u00a0Sitting Bull Ranch<\/td>\n<td>St. Martino &#8211; Str. Freina 64<\/td>\n<td>+39 380 4990545<\/td>\n<\/tr>\n<\/tbody>\n<\/table>\n<h3><\/h3>\n<h4>Pferdeschlitten- \/ Pferdekutschenfahrten<\/h4>\n<table border=\"0\" summary=\"\" width=\"490\" cellspacing=\"1\" cellpadding=\"1\">\n<tbody>\n<tr>\n<td>Erich<\/td>\n<td>+39 338 17 34 235<\/td>\n<\/tr>\n<tr>\n<td>Hotel Armentarola<\/td>\n<td>+39 0471 849 522<\/td>\n<\/tr>\n<tr>\n<td>Oswald<\/td>\n<td>\u00a0+39 338 40 21 401<\/td>\n<\/tr>\n<tr>\n<td>Reinhold<\/td>\n<td>\u00a0+39 339 35 32 410<\/td>\n<\/tr>\n<\/tbody>\n<\/table>\n[\/vc_column_text][\/vc_column][vc_column width=&#8220;1\/6&#8243;][\/vc_column][\/vc_row][vc_row fullwidth=&#8220;true&#8220; fullwidth_content=&#8220;false&#8220; column_padding=&#8220;5&#8243;][vc_column width=&#8220;1\/6&#8243;][\/vc_column][vc_column width=&#8220;2\/3&#8243; css=&#8220;.vc_custom_1494920402653{padding: 7% !important;}&#8220;][mk_fancy_title font_family=&#8220;none&#8220;]\n<h2 style=\"text-align: center;\">Eisklettern<\/h2>\n[\/mk_fancy_title][vc_column_text]Alta Badia bietet Ihnen einen idealen Ausgangspunkt f\u00fcr unvergessliche Kletter-Touren. Binnen k\u00fcrzester Zeit erreichen Sie einige der sch\u00f6nsten Eisklettersteige der Dolomiten, wie z.B. die gefrorenen Wasserf\u00e4lle der Sella Gruppe, der Val Travenanzes im Naturpark Fanes oder die ber\u00fchmten Serrai di Sottoguda, am Fu\u00dfe der Marmolada.<\/p>\n<p><a href=\"http:\/\/www.ladinia.it\/de\/informationen\/507\/aktivit%C3%A4ten\/eisklettern\" target=\"_blank\" rel=\"shadowbox; width=1100 noopener\">&#8230;clicken Sie hier f\u00fcr weitere Infos<\/a>[\/vc_column_text][\/vc_column][vc_column width=&#8220;1\/6&#8243;][\/vc_column][\/vc_row][vc_row fullwidth=&#8220;true&#8220; fullwidth_content=&#8220;false&#8220; column_padding=&#8220;5&#8243; css=&#8220;.vc_custom_1495803981130{background-color: #f1f1f1 !important;}&#8220;][vc_column width=&#8220;1\/6&#8243;][\/vc_column][vc_column width=&#8220;2\/3&#8243; css=&#8220;.vc_custom_1494920402653{padding: 7% !important;}&#8220;][mk_fancy_title font_family=&#8220;none&#8220;]\n<h2 style=\"text-align: center;\">Freeride<\/h2>\n[\/mk_fancy_title][vc_column_text]<span class=\"xhtmlContent\">Einige Vorschl\u00e4ge f\u00fcr unvergessliche\u00a0Skitouren in Alta Badia:<\/span><\/p>\n<ul>\n<li><strong><span class=\"xhtmlContent\"><a href=\"http:\/\/www.altabadia.org\/de-DE\/skitouren_dolomiten_alta_badia.html?idBlock=666\" target=\"_blank\" rel=\"noopener\">Das Mittagstal<\/a><\/span><\/strong><\/li>\n<li><strong><span class=\"xhtmlContent\"><a href=\"http:\/\/www.altabadia.org\/de-DE\/skitouren_dolomiten_alta_badia.html?idBlock=668\" target=\"_blank\" rel=\"noopener\">Die Skitour vom Valparola Pass\u00a0nach Armentarola<\/a><\/span><\/strong><\/li>\n<\/ul>\n[\/vc_column_text][\/vc_column][vc_column width=&#8220;1\/6&#8243;][\/vc_column][\/vc_row][vc_row][vc_column][vc_column_text][\/vc_column_text][\/vc_column][\/vc_row]\n<\/div>","protected":false},"excerpt":{"rendered":"<p>[vc_row fullwidth=&#8220;true&#8220; parallax=&#8220;content-moving&#8220; css=&#8220;.vc_custom_1495804850808{background-image: url(http:\/\/www.borest.it\/wp-content\/uploads\/2017\/05\/casa-vacanza-charme-les-houches-chalet-di-montagna-di-charme_22.jpg?id=479) !important;}&#8220;][vc_column][mk_page_title_box page_title=&#8220;Sport und Freizeit&#8220; page_subtitle=&#8220;Die herrliche Bergwelt von Alta Badia bietet Ihnen zahlreiche M\u00f6glichkeiten zur aktiven Freizeitgestaltung.&#8220; section_height=&#8220;600&#8243; bg_position=&#8220;center center&#8220; bg_stretch=&#8220;true&#8220; overlay=&#8220;rgba(2,2,2,0.32)&#8220; bg_effects=&#8220;parallaxZoomOut&#8220; font_color=&#8220;#ffffff&#8220; sub_font_color=&#8220;#ffffff&#8220;][\/vc_column][\/vc_row][vc_row fullwidth=&#8220;true&#8220; fullwidth_content=&#8220;false&#8220; column_padding=&#8220;5&#8243;][vc_column width=&#8220;1\/6&#8243;][\/vc_column][vc_column width=&#8220;2\/3&#8243; css=&#8220;.vc_custom_1494920402653{padding: 7% !important;}&#8220;][mk_fancy_title font_family=&#8220;none&#8220;] Wanderungen \/ Nordic walking \/ Schneeschuhwanderungen [\/mk_fancy_title][vc_column_text]In Alta Badia stehen Ihnen 80 km an sorgf\u00e4ltig pr\u00e4parierten [&hellip;]<\/p>\n","protected":false},"author":1,"featured_media":0,"parent":0,"menu_order":0,"comment_status":"closed","ping_status":"closed","template":"","meta":{"footnotes":""},"class_list":["post-1375","page","type-page","status-publish","hentry"],"_links":{"self":[{"href":"https:\/\/borest.it\/de\/wp-json\/wp\/v2\/pages\/1375","targetHints":{"allow":["GET"]}}],"collection":[{"href":"https:\/\/borest.it\/de\/wp-json\/wp\/v2\/pages"}],"about":[{"href":"https:\/\/borest.it\/de\/wp-json\/wp\/v2\/types\/page"}],"author":[{"embeddable":true,"href":"https:\/\/borest.it\/de\/wp-json\/wp\/v2\/users\/1"}],"replies":[{"embeddable":true,"href":"https:\/\/borest.it\/de\/wp-json\/wp\/v2\/comments?post=1375"}],"version-history":[{"count":10,"href":"https:\/\/borest.it\/de\/wp-json\/wp\/v2\/pages\/1375\/revisions"}],"predecessor-version":[{"id":2658,"href":"https:\/\/borest.it\/de\/wp-json\/wp\/v2\/pages\/1375\/revisions\/2658"}],"wp:attachment":[{"href":"https:\/\/borest.it\/de\/wp-json\/wp\/v2\/media?parent=1375"}],"curies":[{"name":"wp","href":"https:\/\/api.w.org\/{rel}","templated":true}]}}