{"id":1379,"date":"2017-05-26T14:35:15","date_gmt":"2017-05-26T14:35:15","guid":{"rendered":"http:\/\/www.borest.it\/altri-sport-estivi"},"modified":"2024-01-31T19:22:28","modified_gmt":"2024-01-31T19:22:28","slug":"mehr-sommeraktivitaeten","status":"publish","type":"page","link":"https:\/\/borest.it\/de\/mehr-sommeraktivitaeten\/","title":{"rendered":"Mehr Sommeraktivit\u00e4ten"},"content":{"rendered":"<div class=\"wpb-content-wrapper\">[vc_row fullwidth=&#8220;true&#8220; parallax=&#8220;content-moving&#8220; css=&#8220;.vc_custom_1495809311050{background-image: url(http:\/\/www.borest.it\/wp-content\/uploads\/2017\/05\/097971110a8477dd96bf84c5ae15b53c_960x640.jpg?id=507) !important;}&#8220;][vc_column][mk_page_title_box page_title=&#8220;Mehr Sommeraktivit\u00e4ten&#8220; page_subtitle=&#8220;Um Ihren Aufenthalt noch spannender zu gestalten, bietet Ihnen Alta Badia, neben Waderungen, Klettersteige sowie Mountainbike-Touren auch ein breites Angebot an zahlreichen Aktivit\u00e4ten und Sport-Infrastrukturen.&#8220; section_height=&#8220;600&#8243; bg_position=&#8220;center center&#8220; bg_stretch=&#8220;true&#8220; overlay=&#8220;rgba(2,2,2,0.32)&#8220; bg_effects=&#8220;parallaxZoomOut&#8220; font_color=&#8220;#ffffff&#8220; sub_font_color=&#8220;#ffffff&#8220;][\/vc_column][\/vc_row][vc_row fullwidth=&#8220;true&#8220; fullwidth_content=&#8220;false&#8220; column_padding=&#8220;5&#8243;][vc_column width=&#8220;1\/6&#8243;][\/vc_column][vc_column width=&#8220;2\/3&#8243; css=&#8220;.vc_custom_1494920402653{padding: 7% !important;}&#8220;][mk_fancy_title font_family=&#8220;none&#8220;]\n<h3 style=\"text-align: center;\">Fischen &amp; Schwimmen<\/h3>\n[\/mk_fancy_title][vc_column_text]G\u00f6nnen Sie sich einen entspannenden Tag im Dorf.\u00a0F\u00fcr Sonnenanbeter oder jene die etwas Erfrischung suchen, stehen das \u00f6ffentliche Schwimmbad\u00a0oder der See in Corvara zur Verf\u00fcgung.<\/p>\n<table border=\"0\" cellspacing=\"1\" cellpadding=\"1\">\n<tbody>\n<tr>\n<td><strong>Lago biotopo<\/strong><br \/>\nCorvara, Str. Sotscofes<br \/>\nTel. 0471 836906<\/td>\n<td><strong>\u00d6ffentliches Schwimmbad<\/strong><br \/>\nLa Villa, Str. Ninz<br \/>\nTel. 0471 847888<\/td>\n<\/tr>\n<\/tbody>\n<\/table>\n[\/vc_column_text][\/vc_column][vc_column width=&#8220;1\/6&#8243;][\/vc_column][\/vc_row][vc_row fullwidth=&#8220;true&#8220; fullwidth_content=&#8220;false&#8220; column_padding=&#8220;5&#8243; css=&#8220;.vc_custom_1495803981130{background-color: #f1f1f1 !important;}&#8220;][vc_column width=&#8220;1\/6&#8243;][\/vc_column][vc_column width=&#8220;2\/3&#8243; css=&#8220;.vc_custom_1494920402653{padding: 7% !important;}&#8220;][mk_fancy_title font_family=&#8220;none&#8220;]\n<h2 style=\"text-align: center;\">Paragliding<\/h2>\n[\/mk_fancy_title][vc_column_text]<strong>CVL Alta Badia<br \/>\n<\/strong><\/p>\n<p>Paragliding im Herzen der Dolomiten<br \/>\nEinzel- und Tandemfl\u00fcge<\/p>\n<p><a href=\"http:\/\/www.cvl-altabadia.com\/\" target=\"_blank\" rel=\"shadowbox; width=1100 noopener\">&#8230;Besuchen Sie die offizielle Homepage f\u00fcr weitere Infos<\/a>[\/vc_column_text][\/vc_column][vc_column width=&#8220;1\/6&#8243;][\/vc_column][\/vc_row][vc_row fullwidth=&#8220;true&#8220; fullwidth_content=&#8220;false&#8220; column_padding=&#8220;5&#8243;][vc_column width=&#8220;1\/6&#8243;][\/vc_column][vc_column width=&#8220;2\/3&#8243; css=&#8220;.vc_custom_1494920402653{padding: 7% !important;}&#8220;][mk_fancy_title font_family=&#8220;none&#8220;]\n<h2 style=\"text-align: center;\">Abenteuer Hochseilgarten<\/h2>\n[\/mk_fancy_title][vc_column_text css=&#8220;.vc_custom_1706640846617{margin-bottom: 0px !important;}&#8220;]\n<h2>Abenteuer Hochseilgarten Colfosco<\/h2>\n<h3>Abenteuer und Herausforderung im Herzen der Dolomiten<\/h3>\n<div class=\"blockItem\">\n<div class=\"contentItem\">\n<p>Der Abenteuer Hochseilgarten\u00a0in Colfosco besteht aus 5 Parcours mit k\u00fcnstlichen Hindernissen und Aufgaben aus Seilen, Balken oder Drahtseilen die in unterschiedlicher H\u00f6he verspannt sind. Die Anlage wurde in einem Wald aus riesigen L\u00e4rchen auf einer L\u00e4nge von mehr als 600 Metern Seil und mit 71 Plattformen bis zu einer H\u00f6he von 19 Metern vom Boden, realisiert. Sie wurde so angelegt, dass die nat\u00fcrlichen Gegebenheiten des Waldes gr\u00f6\u00dftm\u00f6glich geschont werden konnten.<\/p>\n<p>Die Teilnehmer sind durch einen Klettergurt und ein Klettersteigset mit den Sicherungsseilen verbunden, sie klettern daher in voller Sicherheit.\u00a0 Um die verschiedenen Strecken zu bew\u00e4ltigen sind allerdings Konzentration, Gleichgewicht, Geschicklichkeit und etwas Courage gefragt.<\/p>\n<p><strong>Zugang zum Park:<br \/>\n<a id=\"resizableImage_2\" class=\"resizableImagesContainer\" title=\"Colfosco Alta Badia: Adventure Park\" href=\"http:\/\/www.altabadia.org\/2726.jpg\" target=\"_blank\" rel=\"noopener\">\u00a0<\/a><br \/>\n<\/strong>Aush\u00e4ndigung der Sicherheitsausr\u00fcstung: Klettergurt &#8211; Helm &#8211; doppelte Sicherheitsleine mit Karabinern &#8211; Zugrolle<br \/>\nDie Verwendung des Sicherheitssets ist nur f\u00fcr die Begehung der Parcours im Park selbst gestattet.<br \/>\nNur nach technischer\u00a0Einf\u00fchrung auf den Trainingsparcours<br \/>\nBei widrigen Wetterbedingungen kann, auf Anordnung des Personals, die Benutzung der Anlage aus Sicherheitsgr\u00fcnden unterbrochen werden. Die Eintrittskarten werden in diesem Fall nur zur\u00fcckerstattet, wenn ein Parcours nicht bis zur H\u00e4lfte begangen worden ist.<\/p>\n<p>Letzter Einlass: 1 Stunde vor Schlie\u00dfung Individuelle \u00d6ffnungszeiten nach Vereinbarung.<\/p>\n<p><strong>Gro\u00dfer Parkplatz!<\/strong><\/p>\n<p align=\"center\"><a href=\"https:\/\/www.altabadia.org\/de\/info\/hochseilgarten.html\" target=\"_blank\" rel=\"noopener\">Weitere Informationen<\/a><\/p>\n<\/div>\n<\/div>\n[\/vc_column_text][\/vc_column][vc_column width=&#8220;1\/6&#8243;][\/vc_column][\/vc_row][vc_row fullwidth=&#8220;true&#8220; fullwidth_content=&#8220;false&#8220; column_padding=&#8220;5&#8243; css=&#8220;.vc_custom_1501754482869{background-color: #f1f1f1 !important;}&#8220;][vc_column width=&#8220;1\/6&#8243;][\/vc_column][vc_column width=&#8220;2\/3&#8243; css=&#8220;.vc_custom_1494920402653{padding: 7% !important;}&#8220;][mk_fancy_title font_family=&#8220;none&#8220;]\n<h2 style=\"text-align: center;\">Reiten<\/h2>\n[\/mk_fancy_title][vc_column_text css=&#8220;.vc_custom_1706728926439{margin-bottom: 0px !important;}&#8220;]Alta Badia zu Pferd erleben.<\/p>\n<h3><\/h3>\n<h4>Die Reiterzentren in Alta Badia<\/h4>\n<table border=\"0\" summary=\"\" width=\"490\" cellspacing=\"1\" cellpadding=\"1\">\n<tbody>\n<tr>\n<td>\u00a0Armentarola<\/td>\n<td>\u00a0St. Kassian\u00a0&#8211; c\/o Hotel Armentarola<\/td>\n<td>+39 0471 849 522<\/td>\n<\/tr>\n<tr>\n<td>\u00a0Col Dala Vara<\/td>\n<td>\u00a0St. Kassian &#8211; Str. Costadedoi, 79<\/td>\n<td>+39 333 23 68 082<\/td>\n<\/tr>\n<tr>\n<td>\u00a0Teresa<\/td>\n<td>\u00a0Badia &#8211; c\/o Hotel Teresa, Str. Damez 64<\/td>\n<td>+39 339 3913 677<\/td>\n<\/tr>\n<tr>\n<td>\u00a0Sitting Bull Ranch<\/td>\n<td>St. Martino-Str. Freina 64<\/td>\n<td>+39 380 4990545<\/td>\n<\/tr>\n<\/tbody>\n<\/table>\n<h3><\/h3>\n<h4>Pferdeschlitten- \/ Pferdekutschenfahrten<\/h4>\n<table border=\"0\" summary=\"\" width=\"490\" cellspacing=\"1\" cellpadding=\"1\">\n<tbody>\n<tr>\n<td>Erich<\/td>\n<td>+39 338 17 34 235<\/td>\n<\/tr>\n<tr>\n<td>Hotel Armentarola<\/td>\n<td>+39 0471 849 522<\/td>\n<\/tr>\n<\/tbody>\n<\/table>\n[\/vc_column_text][\/vc_column][vc_column width=&#8220;1\/6&#8243;][\/vc_column][\/vc_row][vc_row fullwidth=&#8220;true&#8220; fullwidth_content=&#8220;false&#8220; column_padding=&#8220;5&#8243;][vc_column width=&#8220;1\/6&#8243;][\/vc_column][vc_column width=&#8220;2\/3&#8243; css=&#8220;.vc_custom_1494920402653{padding: 7% !important;}&#8220;][mk_fancy_title font_family=&#8220;none&#8220;]\n<h2 style=\"text-align: center;\">Golf<\/h2>\n[\/mk_fancy_title][vc_column_text]\n<div>\n<div class=\"article\">\n<p><span class=\"xhtmlContent\">S\u00fcdtirol gilt unter Golfern als Geheimtipp. Das sonnige und milde Klima und die einmaligen Landschaften zeichnen die kleinen aber feinen Golfpl\u00e4tze aus. <\/span><\/p>\n<p><img decoding=\"async\" src=\"http:\/\/www.borest.it\/images\/stories\/golfclub.png\" alt=\"\" title=\"\"><a href=\"http:\/\/www.golfaltabadia.it\/\" target=\"_blank\" rel=\"shadowbox; width=1100 noopener\"><strong>Golf Club Alta Badia<br \/>\n<\/strong><\/a>39033 Corvara \/ Ortschaft Tranr\u00fcs<br \/>\nTel. 0471 836655<br \/>\n<a href=\"mailto:info@golfaltabadia.it\"><strong>info@golfaltabadia.it<\/strong><\/a><\/p>\n<\/div>\n<\/div>\n[\/vc_column_text][\/vc_column][vc_column width=&#8220;1\/6&#8243;][\/vc_column][\/vc_row][vc_row][vc_column][vc_column_text][\/vc_column_text][\/vc_column][\/vc_row]\n<\/div>","protected":false},"excerpt":{"rendered":"<p>[vc_row fullwidth=&#8220;true&#8220; parallax=&#8220;content-moving&#8220; css=&#8220;.vc_custom_1495809311050{background-image: url(http:\/\/www.borest.it\/wp-content\/uploads\/2017\/05\/097971110a8477dd96bf84c5ae15b53c_960x640.jpg?id=507) !important;}&#8220;][vc_column][mk_page_title_box page_title=&#8220;Mehr Sommeraktivit\u00e4ten&#8220; page_subtitle=&#8220;Um Ihren Aufenthalt noch spannender zu gestalten, bietet Ihnen Alta Badia, neben Waderungen, Klettersteige sowie Mountainbike-Touren auch ein breites Angebot an zahlreichen Aktivit\u00e4ten und Sport-Infrastrukturen.&#8220; section_height=&#8220;600&#8243; bg_position=&#8220;center center&#8220; bg_stretch=&#8220;true&#8220; overlay=&#8220;rgba(2,2,2,0.32)&#8220; bg_effects=&#8220;parallaxZoomOut&#8220; font_color=&#8220;#ffffff&#8220; sub_font_color=&#8220;#ffffff&#8220;][\/vc_column][\/vc_row][vc_row fullwidth=&#8220;true&#8220; fullwidth_content=&#8220;false&#8220; column_padding=&#8220;5&#8243;][vc_column width=&#8220;1\/6&#8243;][\/vc_column][vc_column width=&#8220;2\/3&#8243; css=&#8220;.vc_custom_1494920402653{padding: 7% !important;}&#8220;][mk_fancy_title font_family=&#8220;none&#8220;] Fischen &amp; Schwimmen [\/mk_fancy_title][vc_column_text]G\u00f6nnen Sie [&hellip;]<\/p>\n","protected":false},"author":1,"featured_media":0,"parent":0,"menu_order":0,"comment_status":"closed","ping_status":"closed","template":"","meta":{"footnotes":""},"class_list":["post-1379","page","type-page","status-publish","hentry"],"_links":{"self":[{"href":"https:\/\/borest.it\/de\/wp-json\/wp\/v2\/pages\/1379","targetHints":{"allow":["GET"]}}],"collection":[{"href":"https:\/\/borest.it\/de\/wp-json\/wp\/v2\/pages"}],"about":[{"href":"https:\/\/borest.it\/de\/wp-json\/wp\/v2\/types\/page"}],"author":[{"embeddable":true,"href":"https:\/\/borest.it\/de\/wp-json\/wp\/v2\/users\/1"}],"replies":[{"embeddable":true,"href":"https:\/\/borest.it\/de\/wp-json\/wp\/v2\/comments?post=1379"}],"version-history":[{"count":8,"href":"https:\/\/borest.it\/de\/wp-json\/wp\/v2\/pages\/1379\/revisions"}],"predecessor-version":[{"id":2771,"href":"https:\/\/borest.it\/de\/wp-json\/wp\/v2\/pages\/1379\/revisions\/2771"}],"wp:attachment":[{"href":"https:\/\/borest.it\/de\/wp-json\/wp\/v2\/media?parent=1379"}],"curies":[{"name":"wp","href":"https:\/\/api.w.org\/{rel}","templated":true}]}}