{"id":1396,"date":"2017-05-26T14:06:42","date_gmt":"2017-05-26T14:06:42","guid":{"rendered":"http:\/\/www.borest.it\/escursioni"},"modified":"2024-01-31T20:16:45","modified_gmt":"2024-01-31T20:16:45","slug":"wandern","status":"publish","type":"page","link":"https:\/\/borest.it\/de\/wandern\/","title":{"rendered":"Wandern"},"content":{"rendered":"<div class=\"wpb-content-wrapper\">[vc_row fullwidth=&#8220;true&#8220; parallax=&#8220;content-moving&#8220; css=&#8220;.vc_custom_1495807600745{background-image: url(http:\/\/www.borest.it\/wp-content\/uploads\/2017\/05\/colfosco-sommer-cir-3.jpg?id=499) !important;}&#8220;][vc_column][mk_page_title_box page_title=&#8220;Wanderungen&#8220; page_subtitle=&#8220;Wandern und Bergsteigen in den Dolomiten&#8220; section_height=&#8220;600&#8243; bg_position=&#8220;center center&#8220; bg_stretch=&#8220;true&#8220; overlay=&#8220;rgba(2,2,2,0.32)&#8220; bg_effects=&#8220;parallaxZoomOut&#8220; font_color=&#8220;#ffffff&#8220; sub_font_color=&#8220;#ffffff&#8220;][\/vc_column][\/vc_row][vc_row fullwidth=&#8220;true&#8220; fullwidth_content=&#8220;false&#8220; column_padding=&#8220;5&#8243;][vc_column width=&#8220;1\/6&#8243;][\/vc_column][vc_column width=&#8220;2\/3&#8243; css=&#8220;.vc_custom_1494920402653{padding: 7% !important;}&#8220;][mk_fancy_title font_family=&#8220;none&#8220;]\n[\/mk_fancy_title][vc_column_text css=&#8220;.vc_custom_1706732191761{margin-bottom: 0px !important;}&#8220;]\n<h3>Alta Badia ist der ideale Ausgangspunkt f\u00fcr Ihre Bergtouren<\/h3>\n<p>&nbsp;<\/p>\n<p>Alta Badia ist der ideale Ausgangspunkt f\u00fcr Bergtouren in den Dolomiten.<\/p>\n<p>Die Dolomiten sind als das Paradies der Wanderer und Kletterer bekannt. Gr\u00fcne T\u00e4ler und grandiose Felsenwelten bieten zu jeder Jahreszeit vielseitige Ausflugsziele f\u00fcr jeden Geschmack: einfache Spazierg\u00e4nge, mehrst\u00fcndige Wanderungen oder anspruchsvolle Touren.<\/p>\n<p>In Alta Badia selbst haben Sie mehr als 400 km sorgf\u00e4ltig pr\u00e4parierte Wanderwege und Steige zur Auswahl, von der einfachen und entspannenden Tour bis zur schwierigen und aufregenden Besteigung und das alles innerhalb eines weit reichenden Netzes mit gut beschilderten Routen.<\/p>\n<p><strong>Hier haben wir f\u00fcr Sie einige interessantesten\u00a0Touren in Alta Badia,\u00a0nach Themen aufgeteilt, zusammengefasst<\/strong>.<\/p>\n<ul>\n<li><strong><a href=\"http:\/\/www.altabadia.org\/de-DE\/dolomiten_familienwanderungen.html\" target=\"_blank\" rel=\"noopener\">Leichte Spazierwege auch f\u00fcr Familien mit Kleinkindern geeignet<\/a><\/strong><\/li>\n<li><strong><a href=\"http:\/\/www.altabadia.org\/de-DE\/luoghi_di_cultode.html\" target=\"_blank\" rel=\"noopener\">Kult- und Wallfahrtsst\u00e4tten<\/a><\/strong><\/li>\n<li><strong><a href=\"http:\/\/www.altabadia.org\/de-DE\/themenwanderung_dolomiten.html\" target=\"_blank\" rel=\"noopener\">Themenwanderungen<\/a><\/strong><\/li>\n<\/ul>\n<p>Die vorgeschlagenen Wege eignen sich bestens auch f\u00fcr Nordic Walking.<\/p>\n<p>Lassen Sie sich zu den sch\u00f6nsten Wegen und Pl\u00e4tzen f\u00fchren. Die Tourismusvereine Alta Badia bieten jede Woche <a href=\"http:\/\/www.altabadia.org\/de-DE\/gefuehrte_wanderungen_dolomiten.html\" target=\"_blank\" rel=\"noopener\"><strong>gef\u00fchrte Wanderungen<\/strong><\/a> mit erfahrenen Begleitern. Wenn Sie unsere Bergwelt noch besser kennen lernen wollen, schreiben Sie sich ein, Sie werden die Dolomiten als echte &#8222;Insider&#8220; erleben.[\/vc_column_text][\/vc_column][vc_column width=&#8220;1\/6&#8243;][\/vc_column][\/vc_row][vc_row fullwidth=&#8220;true&#8220; fullwidth_content=&#8220;false&#8220; column_padding=&#8220;5&#8243; css=&#8220;.vc_custom_1495803981130{background-color: #f1f1f1 !important;}&#8220;][vc_column width=&#8220;1\/6&#8243;][\/vc_column][vc_column width=&#8220;2\/3&#8243; css=&#8220;.vc_custom_1494920402653{padding: 7% !important;}&#8220;][mk_fancy_title font_family=&#8220;none&#8220;]\n<h2 style=\"text-align: center;\">Die sch\u00f6nsten Touren in Alta Badia<\/h2>\n[\/mk_fancy_title][vc_column_text css=&#8220;.vc_custom_1706732161352{margin-bottom: 0px !important;}&#8220;]\n<div>\n<div class=\"article\">\n<ul>\n<li><strong><a href=\"http:\/\/www.altabadia.org\/it-IT\/passeggiate_per_famiglie.html\" rel=\"shadowbox; width=1100 noopener\" target=\"_blank\">Leichte Spazierwege auch f\u00fcr Familien mit Kleinkindern geeignet <\/a><\/strong><\/li>\n<li><strong><a href=\"http:\/\/www.altabadia.org\/it-IT\/Itinerari_storici.html\" rel=\"shadowbox; width=1100 noopener\" target=\"_blank\">Kultur- und Traditionsst\u00e4tten<\/a><\/strong><\/li>\n<li><strong><a href=\"http:\/\/www.altabadia.org\/it-IT\/luoghi_di_culto.html\" rel=\"shadowbox; width=1100 noopener\" target=\"_blank\">Kult- und wallfahrtsst\u00e4tten<\/a><\/strong><\/li>\n<li><strong><a href=\"http:\/\/www.altabadia.org\/it-IT\/Sentieri_tematici.html\" rel=\"shadowbox; width=1100 noopener\" target=\"_blank\">Themenwanderungen<\/a><\/strong><\/li>\n<\/ul>\n<p><strong>Interaktive Wanderkarte Alta Badia<\/strong><\/p>\n<p>MKarte der Wanderwege,\u00a0Bergh\u00fctten,\u00a0Aufstiegsanlagen, Naturparks,\u00a0Seen und Spazierg\u00e4ngen<br \/>\n<a href=\"http:\/\/www.altabadia.org\/it-IT\/cartina_sentieri_dolomiti.html\" target=\"_blank\" rel=\"shadowbox; width=1100 noopener\"><img decoding=\"async\" src=\"http:\/\/www.borest.it\/images\/stories\/mappainterattiaestate.png\" alt=\"\" title=\"\"><br \/>\nKlicken Sie hier um die interaktive Tour zu starten<\/a><\/p>\n<p><a href=\"http:\/\/www.borest.it\/images\/stories\/mappapanoramica.pdf\" target=\"_blank\" rel=\"noopener\">Klicken\u00a0Sie hier um den Download der Karte zu starten<\/a><\/p>\n<\/div>\n<\/div>\n[\/vc_column_text][\/vc_column][vc_column width=&#8220;1\/6&#8243;][\/vc_column][\/vc_row][vc_row fullwidth=&#8220;true&#8220; fullwidth_content=&#8220;false&#8220; column_padding=&#8220;5&#8243;][vc_column width=&#8220;1\/6&#8243;][\/vc_column][vc_column width=&#8220;2\/3&#8243; css=&#8220;.vc_custom_1494920402653{padding: 7% !important;}&#8220;][mk_fancy_title font_family=&#8220;none&#8220;]\n<h2 style=\"text-align: center;\">Wandern in den Dolomiten<\/h2>\n[\/mk_fancy_title][vc_column_text]\n<div>\n<div class=\"article\">\n<p><img decoding=\"async\" class=\"alignleft\" src=\"http:\/\/www.borest.it\/images\/stories\/escursioni.png\" alt=\"\" title=\"\"><span class=\"xhtmlContent\">Wandern in S\u00fcdtirol und in den Dolomiten ist in Begleitung eines erfahrenen Bergf\u00fchrers noch einmal so sch\u00f6n.<\/span><\/p>\n<p><span class=\"xhtmlContent\">Die <strong>Tourismusvereine Alta Badia<\/strong> bieten Ihnen <strong>w\u00f6chentlich eine reiche Auswahl an gef\u00fchrten Wanderungen<\/strong>, vom einfachen und entspannenden Spaziergang bis zur <strong>herausfordernden Tour <\/strong>f\u00fcr erfahrene Wanderer. <\/span><\/p>\n<p><a href=\"http:\/\/www.altabadia.org\/1738.pdf\" target=\"_blank\" rel=\"noopener\">Programm und Preise im PDF-Format<\/a><\/p>\n<p><strong><span class=\"xhtmlContent\"><br \/>\nInformationen<\/span><\/strong><\/p>\n<p><strong>Anmeldung:<\/strong> <span class=\"xhtmlContent\">Die Anmeldung an den Wanderungen wird bis zu 1 Tag vor der Wanderung in jedem Tourismusverein Alta Badia angenommen.<br \/>\n<\/span><strong>Teilnehmer:<\/strong> <span class=\"xhtmlContent\">Die Teilnehmerzahl ist beschr\u00e4nkt &#8211; min 5 max 15 Teilnehmer<br \/>\n<\/span><strong>Ausr\u00fcstung: <\/strong><span class=\"xhtmlContent\">Bergbekleidung und Trekkingschuhe; f\u00fcr die Wanderungen \u201cConturines H\u00f6hle\u201d und \u201cAuf den Spuren des 1.Weltkrieges\u201d ist eine Taschenlampe erforderlich.<br \/>\n<\/span><br \/>\nDie mit diesem Symbol\u00a0\u2663 gekennzeichnete Wanderungen geh\u00f6hren zum Programm &#8222;Wandern mit Genuss&#8220;.<\/p>\n<\/div>\n<\/div>\n[\/vc_column_text][\/vc_column][vc_column width=&#8220;1\/6&#8243;][\/vc_column][\/vc_row][vc_row fullwidth=&#8220;true&#8220; fullwidth_content=&#8220;false&#8220; column_padding=&#8220;5&#8243; css=&#8220;.vc_custom_1495803981130{background-color: #f1f1f1 !important;}&#8220;][vc_column width=&#8220;1\/6&#8243;][\/vc_column][vc_column width=&#8220;2\/3&#8243; css=&#8220;.vc_custom_1494920402653{padding: 7% !important;}&#8220;][mk_fancy_title font_family=&#8220;none&#8220;]\n<h2 style=\"text-align: center;\">Mountain Pass Alta Badia<\/h2>\n[\/mk_fancy_title][vc_column_text]\n<div>\n<div class=\"article\">\n<p><a href=\"http:\/\/www.mountainpass.it\/\" target=\"_blank\" rel=\"shadowbox; noopener\"><img decoding=\"async\" class=\"alignleft\" src=\"http:\/\/www.borest.it\/images\/stories\/mountainpass.png\" alt=\"\" title=\"\"><\/a>Dein pers\u00f6nlicher Pass f\u00fcr:<\/p>\n<p>&#8211; die Ben\u00fctzung von 14 Liftanlagen<\/p>\n<p><strong>&#8211; die Ben\u00fctzung der Linienbusse (SAD) \u00fcber die P\u00e4sse um die Sella Gruppe und zum Falzarego Pass. Die \u00f6ffentlichen Busse im ganzen Gadertal, im Gr\u00f6dental, im Pustertal, Eisacktal und bis Bozen. <\/strong><\/p>\n<p><strong>&#8211; weitere interessante Verg\u00fcnstigungen <\/strong><\/p>\n<\/div>\n<\/div>\n[\/vc_column_text][\/vc_column][vc_column width=&#8220;1\/6&#8243;][\/vc_column][\/vc_row][vc_row fullwidth=&#8220;true&#8220; fullwidth_content=&#8220;false&#8220; column_padding=&#8220;5&#8243;][vc_column width=&#8220;1\/6&#8243;][\/vc_column][vc_column width=&#8220;2\/3&#8243; css=&#8220;.vc_custom_1494920402653{padding: 7% !important;}&#8220;][mk_fancy_title font_family=&#8220;none&#8220;]\n<h2 style=\"text-align: center;\">Sportgesch\u00e4fte<\/h2>\n[\/mk_fancy_title][vc_column_text css=&#8220;.vc_custom_1706642870352{margin-bottom: 0px !important;}&#8220;]\n<div>\n<div class=\"article\">\n<p><strong>Sport Posch <\/strong><\/p>\n<p>Str. Col Pradat 29<br \/>\n39030 Colfosco in Badia (BZ)<br \/>\nTel: 0471-830217<a href=\"http:\/\/www.sportposch.com\/\" target=\"_blank\" rel=\"shadowbox; width=1100 noopener\"><br \/>\nwww.sportposch.com<\/a><br \/>\nE-mail: <a href=\"mailto:info@sportposch.com\">info@sportposch.com<\/a><\/p>\n<p><strong>Sport Pescosta<\/strong><\/p>\n<p>Str. Col Pradat 45<br \/>\n39030 Colfosco in Badia (BZ)<br \/>\nTel: 0471-836458<br \/>\n<a href=\"http:\/\/www.sportpescosta.it\/start.php?page=shop&amp;img=01&amp;lang=IT&amp;preloading=close\" target=\"_blank\" rel=\"shadowbox; width=1100 noopener\">www.sportpescosta.it<\/a><br \/>\nE-mail: <a href=\"mailto:sportpescosta@rolmail.net\">sportpescosta@rolmail.net<\/a><\/p>\n<p><strong>Sport Edoardo<\/strong><\/p>\n<p>Str. Pec\u00ebi 12<br \/>\n39030 Colfosco in Badia (BZ)<br \/>\nTel: 0471-836212<br \/>\n<a href=\"https:\/\/www.sportedoardo.it\/de\/\" target=\"_blank\" rel=\"noopener\">https:\/\/www.sportedoardo.it\/de\/<\/a>\u00a0 \u00a0E-mail: <a href=\"http:\/\/www.miaaltabadia.it\/operatori\/contatta.jsp?op=2470\" target=\"_blank\" rel=\"noopener\">info@sportedoardo.it<\/a><\/p>\n<\/div>\n<\/div>\n[\/vc_column_text][\/vc_column][vc_column width=&#8220;1\/6&#8243;][\/vc_column][\/vc_row][vc_row fullwidth=&#8220;true&#8220; fullwidth_content=&#8220;false&#8220; column_padding=&#8220;5&#8243; css=&#8220;.vc_custom_1495803981130{background-color: #f1f1f1 !important;}&#8220;][vc_column width=&#8220;1\/6&#8243;][\/vc_column][vc_column width=&#8220;2\/3&#8243; css=&#8220;.vc_custom_1494920402653{padding: 7% !important;}&#8220;][mk_fancy_title font_family=&#8220;none&#8220;]\n<h2 style=\"text-align: center;\">Alpenverein S\u00fcdtirol<\/h2>\n[\/mk_fancy_title][vc_column_text]<a href=\"http:\/\/www.alpenverein.it\/\" target=\"_blank\" rel=\"shadowbox; width=1200 noopener noreferrer\"><img decoding=\"async\" src=\"http:\/\/www.borest.it\/images\/stories\/logoavs.png\" alt=\"\" title=\"\"><\/a>[\/vc_column_text][\/vc_column][vc_column width=&#8220;1\/6&#8243;][\/vc_column][\/vc_row][vc_row fullwidth=&#8220;true&#8220; fullwidth_content=&#8220;false&#8220; column_padding=&#8220;5&#8243;][vc_column width=&#8220;1\/6&#8243;][\/vc_column][vc_column width=&#8220;2\/3&#8243; css=&#8220;.vc_custom_1494920402653{padding: 7% !important;}&#8220;][mk_fancy_title font_family=&#8220;none&#8220;]\n<h2 style=\"text-align: center;\">Trekking S\u00fcdtirol<\/h2>\n[\/mk_fancy_title][vc_column_text]<a href=\"http:\/\/www.trekking.suedtirol.info\/index.php\" target=\"_blank\" rel=\"noopener\"><img decoding=\"async\" src=\"http:\/\/www.borest.it\/images\/stories\/logotrekking.png\" alt=\"\" title=\"\">Projekt Wander-Touren S\u00fcdtirol<\/a>[\/vc_column_text][\/vc_column][vc_column width=&#8220;1\/6&#8243;][\/vc_column][\/vc_row][vc_row][vc_column][vc_column_text][\/vc_column_text][\/vc_column][\/vc_row]\n<\/div>","protected":false},"excerpt":{"rendered":"<p>[vc_row fullwidth=&#8220;true&#8220; parallax=&#8220;content-moving&#8220; css=&#8220;.vc_custom_1495807600745{background-image: url(http:\/\/www.borest.it\/wp-content\/uploads\/2017\/05\/colfosco-sommer-cir-3.jpg?id=499) !important;}&#8220;][vc_column][mk_page_title_box page_title=&#8220;Wanderungen&#8220; page_subtitle=&#8220;Wandern und Bergsteigen in den Dolomiten&#8220; section_height=&#8220;600&#8243; bg_position=&#8220;center center&#8220; bg_stretch=&#8220;true&#8220; overlay=&#8220;rgba(2,2,2,0.32)&#8220; bg_effects=&#8220;parallaxZoomOut&#8220; font_color=&#8220;#ffffff&#8220; sub_font_color=&#8220;#ffffff&#8220;][\/vc_column][\/vc_row][vc_row fullwidth=&#8220;true&#8220; fullwidth_content=&#8220;false&#8220; column_padding=&#8220;5&#8243;][vc_column width=&#8220;1\/6&#8243;][\/vc_column][vc_column width=&#8220;2\/3&#8243; css=&#8220;.vc_custom_1494920402653{padding: 7% !important;}&#8220;][mk_fancy_title font_family=&#8220;none&#8220;] [\/mk_fancy_title][vc_column_text css=&#8220;.vc_custom_1706732191761{margin-bottom: 0px !important;}&#8220;] Alta Badia ist der ideale Ausgangspunkt f\u00fcr Ihre Bergtouren &nbsp; Alta Badia ist der ideale Ausgangspunkt f\u00fcr Bergtouren in den Dolomiten. [&hellip;]<\/p>\n","protected":false},"author":1,"featured_media":0,"parent":0,"menu_order":0,"comment_status":"closed","ping_status":"closed","template":"","meta":{"footnotes":""},"class_list":["post-1396","page","type-page","status-publish","hentry"],"_links":{"self":[{"href":"https:\/\/borest.it\/de\/wp-json\/wp\/v2\/pages\/1396","targetHints":{"allow":["GET"]}}],"collection":[{"href":"https:\/\/borest.it\/de\/wp-json\/wp\/v2\/pages"}],"about":[{"href":"https:\/\/borest.it\/de\/wp-json\/wp\/v2\/types\/page"}],"author":[{"embeddable":true,"href":"https:\/\/borest.it\/de\/wp-json\/wp\/v2\/users\/1"}],"replies":[{"embeddable":true,"href":"https:\/\/borest.it\/de\/wp-json\/wp\/v2\/comments?post=1396"}],"version-history":[{"count":7,"href":"https:\/\/borest.it\/de\/wp-json\/wp\/v2\/pages\/1396\/revisions"}],"predecessor-version":[{"id":2787,"href":"https:\/\/borest.it\/de\/wp-json\/wp\/v2\/pages\/1396\/revisions\/2787"}],"wp:attachment":[{"href":"https:\/\/borest.it\/de\/wp-json\/wp\/v2\/media?parent=1396"}],"curies":[{"name":"wp","href":"https:\/\/api.w.org\/{rel}","templated":true}]}}