{"id":1443,"date":"2017-05-29T08:24:52","date_gmt":"2017-05-29T08:24:52","guid":{"rendered":"http:\/\/www.borest.it\/ristorante-residence-riposo"},"modified":"2017-08-14T12:55:01","modified_gmt":"2017-08-14T12:55:01","slug":"restaurant","status":"publish","type":"page","link":"https:\/\/borest.it\/de\/restaurant\/","title":{"rendered":"Restaurant"},"content":{"rendered":"<div class=\"wpb-content-wrapper\">[vc_row fullwidth=&#8220;true&#8220; parallax=&#8220;content-moving&#8220; css=&#8220;.vc_custom_1495706738915{background-image: url(http:\/\/www.borest.it\/wp-content\/uploads\/2017\/05\/dsc2790.jpg?id=275) !important;background-position: center;background-repeat: no-repeat !important;background-size: contain !important;}&#8220;][vc_column][mk_page_title_box page_title=&#8220;Restaurant&#8220; section_height=&#8220;600&#8243; bg_type=&#8220;color&#8220; overlay=&#8220;rgba(2,2,2,0.32)&#8220; font_color=&#8220;#ffffff&#8220;][\/vc_column][\/vc_row][vc_row column_padding=&#8220;5&#8243;][vc_column width=&#8220;1\/6&#8243;][\/vc_column][vc_column width=&#8220;2\/3&#8243; css=&#8220;.vc_custom_1494920402653{padding: 7% !important;}&#8220;][vc_column_text]\n<h3>Nur in den Wintermonaten ge\u00f6ffnet.<\/h3>\n<p>Unser gem\u00fctliches und\u00a0renomiertes Restaurant, besonders bekannt f\u00fcr<strong>\u00a0italienische Delikatessen und Tiroler Spezialit\u00e4ten<\/strong>, l\u00e4sst auch unseren anspruchsvollsten G\u00e4sten keinen Wunsch offen.<\/p>\n<p><strong>\u00a0<\/strong>[\/vc_column_text][\/vc_column][vc_column width=&#8220;1\/6&#8243;][\/vc_column][\/vc_row][vc_row fullwidth=&#8220;true&#8220; equal_columns=&#8220;true&#8220;][vc_column width=&#8220;1\/2&#8243; css=&#8220;.vc_custom_1495702704157{padding-top: 7% !important;padding-right: 7% !important;padding-bottom: 7% !important;padding-left: 7% !important;background-image: url(http:\/\/www.borest.it\/wp-content\/uploads\/2017\/05\/dsc2777.jpg?id=254) !important;background-position: center !important;background-repeat: no-repeat !important;background-size: cover !important;}&#8220;][mk_divider style=&#8220;padding_space&#8220; margin_top=&#8220;100&#8243; margin_bottom=&#8220;100&#8243;][\/vc_column][vc_column width=&#8220;1\/2&#8243; css=&#8220;.vc_custom_1495702677624{padding-top: 7% !important;padding-right: 7% !important;padding-bottom: 7% !important;padding-left: 7% !important;}&#8220;][vc_column_text]Um\u00a0bestens in den Tag zu starten gibt\u00a0es nichts Anderes als\u00a0sich bereits am Morgen bei einem <strong>reichhaltigen Fr\u00fchst\u00fccksbuffet<\/strong> zu st\u00e4rken. Am Abend hingegen servieren wir\u00a0leckere 3-G\u00e4nge-Men\u00fcs mit Salatbuffet und eine\u00a0Auswahl an lokalen Weinen[\/vc_column_text][\/vc_column][\/vc_row][vc_row fullwidth=&#8220;true&#8220; equal_columns=&#8220;true&#8220;][vc_column width=&#8220;1\/2&#8243; css=&#8220;.vc_custom_1495702687630{padding-top: 7% !important;padding-right: 7% !important;padding-bottom: 7% !important;padding-left: 7% !important;}&#8220;][vc_column_text]<strong>Wir w\u00fcnschen\u00a0\u201cGuten Appetit\u201d!<\/strong><\/p>\n<p>Nach dem Abendessen, erwarten wir Sie in der <strong>Bar des Hotel Borest<\/strong>, wo Sie in geselliger Runde den\u00a0Tag gem\u00fctlich ausklingen lassen.[\/vc_column_text][\/vc_column][vc_column width=&#8220;1\/2&#8243; css=&#8220;.vc_custom_1495705744362{padding-top: 7% !important;padding-right: 7% !important;padding-bottom: 7% !important;padding-left: 7% !important;background-image: url(http:\/\/www.borest.it\/wp-content\/uploads\/2017\/05\/dsc2784.jpg?id=273) !important;background-position: center !important;background-repeat: no-repeat !important;background-size: cover !important;}&#8220;][mk_divider style=&#8220;padding_space&#8220; margin_top=&#8220;100&#8243; margin_bottom=&#8220;100&#8243;][\/vc_column][\/vc_row][vc_row fullwidth=&#8220;true&#8220; equal_columns=&#8220;true&#8220; css=&#8220;.vc_custom_1495706350774{margin: 0px !important;border-width: 0px !important;padding: 0px !important;}&#8220;][vc_column css=&#8220;.vc_custom_1495706316566{margin: 0px !important;border-width: 0px !important;padding: 0px !important;}&#8220;][mk_gallery images=&#8220;275,254,277,276,278&#8243; style=&#8220;style1&#8243; hover_scenarios=&#8220;slow_zoom&#8220; item_spacing=&#8220;0&#8243; margin_bottom=&#8220;0&#8243;][\/vc_column][\/vc_row]\n<\/div>","protected":false},"excerpt":{"rendered":"<p>[vc_row fullwidth=&#8220;true&#8220; parallax=&#8220;content-moving&#8220; css=&#8220;.vc_custom_1495706738915{background-image: url(http:\/\/www.borest.it\/wp-content\/uploads\/2017\/05\/dsc2790.jpg?id=275) !important;background-position: center;background-repeat: no-repeat !important;background-size: contain !important;}&#8220;][vc_column][mk_page_title_box page_title=&#8220;Restaurant&#8220; section_height=&#8220;600&#8243; bg_type=&#8220;color&#8220; overlay=&#8220;rgba(2,2,2,0.32)&#8220; font_color=&#8220;#ffffff&#8220;][\/vc_column][\/vc_row][vc_row column_padding=&#8220;5&#8243;][vc_column width=&#8220;1\/6&#8243;][\/vc_column][vc_column width=&#8220;2\/3&#8243; css=&#8220;.vc_custom_1494920402653{padding: 7% !important;}&#8220;][vc_column_text] Nur in den Wintermonaten ge\u00f6ffnet. Unser gem\u00fctliches und\u00a0renomiertes Restaurant, besonders bekannt f\u00fcr\u00a0italienische Delikatessen und Tiroler Spezialit\u00e4ten, l\u00e4sst auch unseren anspruchsvollsten G\u00e4sten keinen Wunsch offen. \u00a0[\/vc_column_text][\/vc_column][vc_column width=&#8220;1\/6&#8243;][\/vc_column][\/vc_row][vc_row fullwidth=&#8220;true&#8220; equal_columns=&#8220;true&#8220;][vc_column width=&#8220;1\/2&#8243; css=&#8220;.vc_custom_1495702704157{padding-top: 7% !important;padding-right: 7% [&hellip;]<\/p>\n","protected":false},"author":1,"featured_media":0,"parent":0,"menu_order":0,"comment_status":"closed","ping_status":"closed","template":"","meta":{"footnotes":""},"class_list":["post-1443","page","type-page","status-publish","hentry"],"_links":{"self":[{"href":"https:\/\/borest.it\/de\/wp-json\/wp\/v2\/pages\/1443","targetHints":{"allow":["GET"]}}],"collection":[{"href":"https:\/\/borest.it\/de\/wp-json\/wp\/v2\/pages"}],"about":[{"href":"https:\/\/borest.it\/de\/wp-json\/wp\/v2\/types\/page"}],"author":[{"embeddable":true,"href":"https:\/\/borest.it\/de\/wp-json\/wp\/v2\/users\/1"}],"replies":[{"embeddable":true,"href":"https:\/\/borest.it\/de\/wp-json\/wp\/v2\/comments?post=1443"}],"version-history":[{"count":1,"href":"https:\/\/borest.it\/de\/wp-json\/wp\/v2\/pages\/1443\/revisions"}],"predecessor-version":[{"id":1445,"href":"https:\/\/borest.it\/de\/wp-json\/wp\/v2\/pages\/1443\/revisions\/1445"}],"wp:attachment":[{"href":"https:\/\/borest.it\/de\/wp-json\/wp\/v2\/media?parent=1443"}],"curies":[{"name":"wp","href":"https:\/\/api.w.org\/{rel}","templated":true}]}}