{"id":1469,"date":"2017-05-29T08:47:08","date_gmt":"2017-05-29T08:47:08","guid":{"rendered":"http:\/\/www.borest.it\/dove-siamo-residence-riposo"},"modified":"2024-01-31T20:06:56","modified_gmt":"2024-01-31T20:06:56","slug":"anreise-residence-riposo","status":"publish","type":"page","link":"https:\/\/borest.it\/de\/anreise-residence-riposo\/","title":{"rendered":"Anreise Residence Riposo"},"content":{"rendered":"<div class=\"wpb-content-wrapper\">[vc_row fullwidth=&#8220;true&#8220; parallax=&#8220;content-moving&#8220; css=&#8220;.vc_custom_1506611702471{background-image: url(http:\/\/www.borest.it\/wp-content\/uploads\/2017\/08\/residence_riposo_20100609_1388458945.jpg?id=1304) !important;}&#8220;][vc_column][mk_page_title_box page_title=&#8220;Anreise&#8220; section_height=&#8220;600&#8243; bg_position=&#8220;center center&#8220; bg_stretch=&#8220;true&#8220; overlay=&#8220;rgba(2,2,2,0.32)&#8220; bg_effects=&#8220;parallaxZoomOut&#8220; font_color=&#8220;#ffffff&#8220;][\/vc_column][\/vc_row][vc_row fullwidth=&#8220;true&#8220;][vc_column][vc_raw_html]JTNDaWZyYW1lJTIwc3JjJTNEJTIyaHR0cHMlM0ElMkYlMkZ3d3cuZ29vZ2xlLmNvbSUyRm1hcHMlMkZlbWJlZCUzRnBiJTNEJTIxMW0xOCUyMTFtMTIlMjExbTMlMjExZDI3NDMuODU1NDAwOTgzOTgyMiUyMTJkMTEuODQwMzQ0MzE1ODc2MjUlMjEzZDQ2LjU1MDU0NzE2ODMxODg4NiUyMTJtMyUyMTFmMCUyMTJmMCUyMTNmMCUyMTNtMiUyMTFpMTAyNCUyMTJpNzY4JTIxNGYxMy4xJTIxM20zJTIxMW0yJTIxMXMweDQ3NzgzZmI3ZTMwYzljM2YlMjUzQTB4MjU0MzdhNmM2NjM4OTZiNSUyMTJzUmVzaWRlbmNlJTJCUmlwb3NvJTIxNWUwJTIxM20yJTIxMXNpdCUyMTJzaXQlMjE0djE1MDY2MTE4NzQ4NTMlMjIlMjB3aWR0aCUzRCUyMjEwMCUyNSUyMiUyMGhlaWdodCUzRCUyMjUwMCUyMiUyMGZyYW1lYm9yZGVyJTNEJTIyMCUyMiUyMHN0eWxlJTNEJTIyYm9yZGVyJTNBMCUyMiUyMGFsbG93ZnVsbHNjcmVlbiUzRSUzQyUyRmlmcmFtZSUzRQ==[\/vc_raw_html][\/vc_column][\/vc_row][vc_row column_padding=&#8220;5&#8243;][vc_column width=&#8220;1\/6&#8243;][\/vc_column][vc_column width=&#8220;2\/3&#8243; css=&#8220;.vc_custom_1494920402653{padding: 7% !important;}&#8220;][vc_column_text css=&#8220;.vc_custom_1706731611821{margin-bottom: 0px !important;}&#8220;]\n<h2>Karte<\/h2>\n<div>\n<div class=\"article\">\n<p><img decoding=\"async\" src=\"http:\/\/www.borest.it\/images\/stories\/anreise-borest.png\" alt=\"\" title=\"\"><\/p>\n<\/div>\n<\/div>\n<p>&nbsp;<\/p>\n<p>&nbsp;<\/p>\n<div>\n<h2>Verkehrsbericht S\u00fcdtirol<\/h2>\n<p><a href=\"http:\/\/www.provinz.bz.it\/vmz\/Report\/index_i.asp\" target=\"_blank\" rel=\"shadowbox; width=1100 noopener\">F\u00fcr weitere Infos <\/a><a href=\"http:\/\/www.provinz.bz.it\/vmz\/Report\/index_i.asp\" target=\"_blank\" rel=\"shadowbox; width=1100 noopener noreferrer\"><br \/>\n<\/a><a href=\"http:\/\/www.provinz.bz.it\/vmz\/Report\/index_i.asp\" target=\"_blank\" rel=\"shadowbox; width=1100 noopener\">hier klicken<\/a><a href=\"http:\/\/www.provinz.bz.it\/vmz\/Report\/index_i.asp\" target=\"_blank\" rel=\"shadowbox; width=1100 noopener noreferrer\"><br \/>\n<\/a><\/p>\n<\/div>\n<p>&nbsp;<\/p>\n<p>&nbsp;<\/p>\n<div>\n<h2>Flughafen Shuttle<\/h2>\n<div>\n<div class=\"article\">\n<h3>Shuttle &#8222;Terravision&#8220;<\/h3>\n<p><a href=\"http:\/\/www.terravision.eu\/\" target=\"_blank\" rel=\"shadowbox; width=1100 noopener\"><img decoding=\"async\" src=\"http:\/\/www.borest.it\/images\/stories\/terravision.png\" alt=\"\" title=\"\"> Ab Bergamo, Venedig, Verona, Innsbruck bis zu uns<\/a><\/p>\n<h3>Flughafen Bozen<\/h3>\n<h3><a href=\"http:\/\/www.abd-airport.it\/\" target=\"_blank\" rel=\"shadowbox; width=1100 noopener\"><img decoding=\"async\" src=\"http:\/\/www.borest.it\/images\/stories\/adbicon.jpg\" alt=\"\" title=\"\"><\/a><\/h3>\n<\/div>\n<\/div>\n<\/div>\n<p>&nbsp;<\/p>\n<p>&nbsp;<\/p>\n<h2>Z\u00fcge<\/h2>\n<p>F\u00fcr jene die uns mit dem Zug erreichen: ab Bruneck fahren Sie mit dem Linienbus (SAD) Richtung Corvara weiter. Dieser bringt Sie bis vor unserem Haus.<\/p>\n<table border=\"0\" cellspacing=\"1\" cellpadding=\"1\">\n<tbody>\n<tr>\n<td><a href=\"http:\/\/trenitalia.it\/\" rel=\"shadowbox; width=1000 noopener\" target=\"_blank\"><img decoding=\"async\" src=\"http:\/\/www.borest.it\/images\/stories\/anreiseicons\/trenitalia.png\" border=\"0\" alt=\"\" title=\"\"><\/a><\/td>\n<td><a href=\"https:\/\/www.trenitalia.com\/de.html\" rel=\"shadowbox; width=1000 noopener\" target=\"_blank\">Italiensche Staatsbahnen<\/a><\/td>\n<\/tr>\n<tr>\n<td><a href=\"https:\/\/www.obb-italia.com\/de\/\" target=\"_blank\" rel=\"shadowbox; width=1000 noopener\"><img loading=\"lazy\" decoding=\"async\" class=\"alignnone\" src=\"http:\/\/www.borest.it\/images\/stories\/anreiseicons\/oebb.png\" alt=\"\" width=\"55\" height=\"40\" border=\"0\" title=\"\"><\/a><\/td>\n<td><a href=\"https:\/\/www.obb-italia.com\/de\/\" target=\"_blank\" rel=\"shadowbox; width=1000 noopener\">\u00d6sterreichische Bundesbahn<\/a><\/td>\n<\/tr>\n<tr>\n<td><a href=\"https:\/\/www.bahn.de\/?lang=de\" target=\"_blank\" rel=\"shadowbox; width=1000 noopener\"><img loading=\"lazy\" decoding=\"async\" class=\"alignnone\" src=\"http:\/\/www.borest.it\/images\/stories\/anreiseicons\/db.png\" alt=\"\" width=\"55\" height=\"40\" border=\"0\" title=\"\"><\/a><\/td>\n<td><a href=\"https:\/\/www.bahn.de\/?lang=de\" target=\"_blank\" rel=\"shadowbox; width=1000 noopener\">Deutsche Bahn<\/a><\/td>\n<\/tr>\n<tr>\n<td><a href=\"https:\/\/www.sbb.ch\/de\" target=\"_blank\" rel=\"shadowbox; width=1000 noopener\"><img loading=\"lazy\" decoding=\"async\" class=\"alignnone\" src=\"http:\/\/www.borest.it\/images\/stories\/anreiseicons\/sbb.png\" alt=\"\" width=\"55\" height=\"40\" border=\"0\" title=\"\"><\/a><\/td>\n<td><a href=\"https:\/\/www.sbb.ch\/de\" target=\"_blank\" rel=\"shadowbox; width=1000 noopener\">Schweizer Bundesbahn<\/a><\/td>\n<\/tr>\n<tr>\n<td><a href=\"https:\/\/www.trainline.com\/\" target=\"_blank\" rel=\"noopener\"><strong>Trainline<\/strong><\/a><\/td>\n<td><a href=\"https:\/\/www.trainline.com\/\" target=\"_blank\" rel=\"noopener\"><strong>trainline.com<\/strong><\/a><\/td>\n<\/tr>\n<\/tbody>\n<\/table>\n<p>&nbsp;<\/p>\n<p>&nbsp;<\/p>\n<h2>Buse<\/h2>\n<p>F\u00fcr jene die S\u00fcdtirol mit dem Bus erkunden m\u00f6chten:<\/p>\n<table border=\"0\" cellspacing=\"1\" cellpadding=\"1\">\n<tbody>\n<tr>\n<td><a href=\"http:\/\/www.sii.bz.it\/\" target=\"_blank\" rel=\"shadowbox; width=1000 noopener\"><img decoding=\"async\" src=\"http:\/\/www.borest.it\/images\/stories\/anreiseicons\/sii.png\" alt=\"\" border=\"0\" title=\"\"><\/a><\/td>\n<td><a href=\"http:\/\/www.sii.bz.it\/\" target=\"_blank\" rel=\"shadowbox; width=1000 noopener\"><br \/>\nInformations- und Serviceprovider der \u00f6ffentlichen Nahverkehrsbetrieb<\/a><\/td>\n<\/tr>\n<tr>\n<td><a href=\"http:\/\/www.sad.it\/\" target=\"_blank\" rel=\"shadowbox; width=1000 noopener\"><img decoding=\"async\" src=\"http:\/\/www.borest.it\/images\/stories\/anreiseicons\/sad.png\" alt=\"\" border=\"0\" title=\"\"><\/a><\/td>\n<td><a href=\"http:\/\/www.sad.it\/\" target=\"_blank\" rel=\"shadowbox; width=1000 noopener\">Nahverkehr<\/a><\/td>\n<\/tr>\n<tr>\n<td><a href=\"http:\/\/www.sasabz.it\/\" target=\"_blank\" rel=\"shadowbox; width=1000 noopener\"><img decoding=\"async\" src=\"http:\/\/www.borest.it\/images\/stories\/anreiseicons\/sasa.png\" alt=\"\" border=\"0\" title=\"\"><\/a><\/td>\n<td><a href=\"https:\/\/www.sasabz.it\/index.php\/de\/home-sasa-de\/\" target=\"_blank\" rel=\"shadowbox; width=1000 noopener\">St\u00e4dtischer Autobus Service<\/a><\/td>\n<\/tr>\n<tr>\n<td><a href=\"http:\/\/www.dolomitibus.it\/\" target=\"_blank\" rel=\"shadowbox; width=1000 noopener\"><img decoding=\"async\" src=\"http:\/\/www.borest.it\/images\/stories\/anreiseicons\/DolomitiBus.jpg\" alt=\"\" border=\"0\" title=\"\"><\/a><\/td>\n<td><a href=\"http:\/\/www.dolomitibus.it\/\" target=\"_blank\" rel=\"shadowbox; width=1000 noopener\">Dolomiti Bus<\/a><\/td>\n<\/tr>\n<tr>\n<td><a href=\"https:\/\/www.flixbus.at\/?_sp=9e40a339-dd37-40e7-a4ea-30d1d1d7dd1f.1706637934734&amp;atb_pdid=4a55274a-d0a8-4ec1-8122-4cab36f9eef1&amp;noRedirect=true&amp;_spnuid=cf5940fe-5d09-487c-80da-450003bd049b_1706637934625\" target=\"_blank\" rel=\"noopener\">Flixbus<\/a><\/td>\n<td><a href=\"https:\/\/www.flixbus.at\/\" target=\"_blank\" rel=\"noopener\">Flixbus-Busfahrplan\/Klausen<\/a><\/td>\n<\/tr>\n<\/tbody>\n<\/table>\n[\/vc_column_text][\/vc_column][vc_column width=&#8220;1\/6&#8243;][\/vc_column][\/vc_row][vc_row fullwidth=&#8220;true&#8220; fullwidth_content=&#8220;false&#8220; column_padding=&#8220;5&#8243;][vc_column width=&#8220;1\/6&#8243;][\/vc_column][vc_column width=&#8220;2\/3&#8243; css=&#8220;.vc_custom_1494920402653{padding: 7% !important;}&#8220;][mk_fancy_title font_family=&#8220;none&#8220;]\n<h2 style=\"text-align: center;\">Webcam<\/h2>\n[\/mk_fancy_title][vc_single_image source=&#8220;external_link&#8220; alignment=&#8220;center&#8220; custom_src=&#8220;http:\/\/www.impianticolfosco.com\/public\/colpradat.jpg&#8220;][vc_column_text]<strong>Localit\u00e0:<\/strong><br \/>\nColfosco[\/vc_column_text][vc_single_image source=&#8220;external_link&#8220; alignment=&#8220;center&#8220; custom_src=&#8220;http:\/\/live.altabadia.org\/cam006\/foto\/passogardena_est.jpg&#8220;][vc_column_text]<strong>Localit\u00e0:<\/strong><br \/>\nPasso Gardena[\/vc_column_text][\/vc_column][vc_column width=&#8220;1\/6&#8243;][\/vc_column][\/vc_row][vc_row][vc_column][vc_column_text][\/vc_column_text][\/vc_column][\/vc_row]\n<\/div>","protected":false},"excerpt":{"rendered":"<p>[vc_row fullwidth=&#8220;true&#8220; parallax=&#8220;content-moving&#8220; css=&#8220;.vc_custom_1506611702471{background-image: url(http:\/\/www.borest.it\/wp-content\/uploads\/2017\/08\/residence_riposo_20100609_1388458945.jpg?id=1304) !important;}&#8220;][vc_column][mk_page_title_box page_title=&#8220;Anreise&#8220; section_height=&#8220;600&#8243; bg_position=&#8220;center center&#8220; bg_stretch=&#8220;true&#8220; overlay=&#8220;rgba(2,2,2,0.32)&#8220; bg_effects=&#8220;parallaxZoomOut&#8220; font_color=&#8220;#ffffff&#8220;][\/vc_column][\/vc_row][vc_row fullwidth=&#8220;true&#8220;][vc_column][vc_raw_html]JTNDaWZyYW1lJTIwc3JjJTNEJTIyaHR0cHMlM0ElMkYlMkZ3d3cuZ29vZ2xlLmNvbSUyRm1hcHMlMkZlbWJlZCUzRnBiJTNEJTIxMW0xOCUyMTFtMTIlMjExbTMlMjExZDI3NDMuODU1NDAwOTgzOTgyMiUyMTJkMTEuODQwMzQ0MzE1ODc2MjUlMjEzZDQ2LjU1MDU0NzE2ODMxODg4NiUyMTJtMyUyMTFmMCUyMTJmMCUyMTNmMCUyMTNtMiUyMTFpMTAyNCUyMTJpNzY4JTIxNGYxMy4xJTIxM20zJTIxMW0yJTIxMXMweDQ3NzgzZmI3ZTMwYzljM2YlMjUzQTB4MjU0MzdhNmM2NjM4OTZiNSUyMTJzUmVzaWRlbmNlJTJCUmlwb3NvJTIxNWUwJTIxM20yJTIxMXNpdCUyMTJzaXQlMjE0djE1MDY2MTE4NzQ4NTMlMjIlMjB3aWR0aCUzRCUyMjEwMCUyNSUyMiUyMGhlaWdodCUzRCUyMjUwMCUyMiUyMGZyYW1lYm9yZGVyJTNEJTIyMCUyMiUyMHN0eWxlJTNEJTIyYm9yZGVyJTNBMCUyMiUyMGFsbG93ZnVsbHNjcmVlbiUzRSUzQyUyRmlmcmFtZSUzRQ==[\/vc_raw_html][\/vc_column][\/vc_row][vc_row column_padding=&#8220;5&#8243;][vc_column width=&#8220;1\/6&#8243;][\/vc_column][vc_column width=&#8220;2\/3&#8243; css=&#8220;.vc_custom_1494920402653{padding: 7% !important;}&#8220;][vc_column_text css=&#8220;.vc_custom_1706731611821{margin-bottom: 0px !important;}&#8220;] Karte &nbsp; &nbsp; Verkehrsbericht S\u00fcdtirol F\u00fcr weitere Infos hier klicken &nbsp; &nbsp; Flughafen Shuttle Shuttle &#8222;Terravision&#8220; Ab Bergamo, Venedig, Verona, Innsbruck bis zu uns Flughafen Bozen &nbsp; &nbsp; Z\u00fcge F\u00fcr jene [&hellip;]<\/p>\n","protected":false},"author":1,"featured_media":0,"parent":0,"menu_order":0,"comment_status":"closed","ping_status":"closed","template":"","meta":{"footnotes":""},"class_list":["post-1469","page","type-page","status-publish","hentry"],"_links":{"self":[{"href":"https:\/\/borest.it\/de\/wp-json\/wp\/v2\/pages\/1469","targetHints":{"allow":["GET"]}}],"collection":[{"href":"https:\/\/borest.it\/de\/wp-json\/wp\/v2\/pages"}],"about":[{"href":"https:\/\/borest.it\/de\/wp-json\/wp\/v2\/types\/page"}],"author":[{"embeddable":true,"href":"https:\/\/borest.it\/de\/wp-json\/wp\/v2\/users\/1"}],"replies":[{"embeddable":true,"href":"https:\/\/borest.it\/de\/wp-json\/wp\/v2\/comments?post=1469"}],"version-history":[{"count":11,"href":"https:\/\/borest.it\/de\/wp-json\/wp\/v2\/pages\/1469\/revisions"}],"predecessor-version":[{"id":2781,"href":"https:\/\/borest.it\/de\/wp-json\/wp\/v2\/pages\/1469\/revisions\/2781"}],"wp:attachment":[{"href":"https:\/\/borest.it\/de\/wp-json\/wp\/v2\/media?parent=1469"}],"curies":[{"name":"wp","href":"https:\/\/api.w.org\/{rel}","templated":true}]}}