{"id":1496,"date":"2017-05-25T14:03:12","date_gmt":"2017-05-25T14:03:12","guid":{"rendered":"http:\/\/www.borest.it\/offerte"},"modified":"2026-01-19T08:48:54","modified_gmt":"2026-01-19T08:48:54","slug":"angebote","status":"publish","type":"page","link":"https:\/\/borest.it\/de\/angebote\/","title":{"rendered":"Angebote"},"content":{"rendered":"<div class=\"wpb-content-wrapper\">[vc_row fullwidth=&#8220;true&#8220; parallax=&#8220;content-moving&#8220; css=&#8220;.vc_custom_1496061499212{background-image: url(http:\/\/www.borest.it\/wp-content\/uploads\/2015\/06\/dsc0332.jpg?id=122) !important;}&#8220;][vc_column][mk_page_title_box page_title=&#8220;Angebote&#8220; section_height=&#8220;600&#8243; bg_position=&#8220;center center&#8220; bg_stretch=&#8220;true&#8220; overlay=&#8220;rgba(2,2,2,0.32)&#8220; bg_effects=&#8220;parallaxZoomOut&#8220; font_color=&#8220;#ffffff&#8220;][\/vc_column][\/vc_row][vc_row column_padding=&#8220;5&#8243;][vc_column width=&#8220;1\/6&#8243;][\/vc_column][vc_column width=&#8220;2\/3&#8243; css=&#8220;.vc_custom_1494920402653{padding: 7% !important;}&#8220;][vc_column_text margin_bottom=&#8220;0&#8243; css=&#8220;.vc_custom_1768812528624{margin-bottom: 0px !important;}&#8220;]\r\n<div id=\"PageWrapper\">\r\n<div class=\"WidthWrapper\">\r\n<section>\r\n<div class=\"cmsImage cmsMargin\">\r\n<h1><span style=\"color: #23282d; font-size: 1.6em; font-weight: 600;\">Winter 2025\/2026:<\/span><\/h1>\r\n<\/div>\r\n<\/section>\r\n<\/div>\r\n<\/div>\r\n<h1 class=\"active\">Dolomiti Super Premi\u00e8re<\/h1>\r\n<p>Ski Start Angebot, 4 Tage Ski zum Preis von 3\u00a0 &#8211;\u00a0 Saisonbeginn &#8211; 20.12.2025<\/p>\r\n<div class=\"cmsImage cmsMargin\"><strong><img loading=\"lazy\" decoding=\"async\" class=\" wp-image-2188 alignleft\" src=\"https:\/\/borest.it\/wp-content\/uploads\/2022\/04\/dolomiti-premiere.png\" alt=\"\" width=\"182\" height=\"117\" title=\"\">Zum Start der Skisaison <\/strong>erhalten Sie, wenn Sie in einem am Angebot teilnehmenden Betrieb untergebracht sind, einen Skitag geschenkt. Es gelten folgende Verg\u00fcnstigungen: * Unterkunft: 4 \u00dcbernachtungen zum Preis von 3. * Skipass: 4 Tage zum Preis von 3. * Skischulen &amp; Ski-\/Snowboardverleihe (die an der Aktion teilgenommen haben): Sonderpreise<\/div>\r\n<div class=\"cmsList cmsMargin\">\r\n<p><strong>Bedingungen<\/strong><\/p>\r\n<ul>\r\n<li>Letzte m\u00f6gliche \u00dcbernachtung: 17.12.2025<\/li>\r\n<li>Letzter g\u00fcltiger Tag f\u00fcr den Skipass: 20.12.2025<\/li>\r\n<\/ul>\r\n<\/div>\r\n<p class=\"cmsText cmsMargin\">F\u00fcr den Erhalt des Gratis-Tages und der Erm\u00e4\u00dfigungen bitte den Voucher im Unterkunftsbetrieb anfordern.<\/p>\r\n<h1>Dolomiti Spring Days L<strong> (Long stay) <\/strong><\/h1>\r\n<p><strong>Ski, Sonne, Sensationspreise!<\/strong><\/p>\r\n<p><strong>15.03.2026 \u2013 Saisonende<\/strong><\/p>\r\n<div class=\"cmsImage cmsMargin\"><strong><img loading=\"lazy\" decoding=\"async\" class=\" wp-image-2191 alignleft\" src=\"https:\/\/borest.it\/wp-content\/uploads\/2022\/04\/dolomiti-supersun.jpg\" alt=\"\" width=\"187\" height=\"120\" title=\"\">Vom<\/strong> <strong>15.03.2026 \u2013 Saisonende <\/strong>erhalten Sie, wenn Sie in einem am Angebot teilnehmenden Betrieb \u00fcbernachten, <strong>einen Skitag geschenkt<\/strong>. <strong>Es gelten folgende Verg\u00fcnstigungen<\/strong> Aufenthalt: 7 \u00dcbernachtungen zum Preis von 6 Skipass: 6 Tage Skipass zum Preis von 5<\/div>\r\n<div>\u00a0<\/div>\r\n<div class=\"cmsImage cmsMargin\"><strong>Bedingungen<\/strong> Erste \u00dcbernachtung = 14.03.2026 Erster Skitag 15.03.2026.<\/div>\r\n<div>\u00a0<\/div>\r\n<div>\u00a0<\/div>\r\n<div>\r\n<h1>\u00a0<\/h1>\r\n<h1>Dolomiti Spring Days S<strong> (short stay) <\/strong><\/h1>\r\n<p><strong>Ski, Sonne, Sensationspreise!<\/strong><\/p>\r\n<p>&nbsp;<\/p>\r\n<div class=\"cmsImage cmsMargin\"><strong><img loading=\"lazy\" decoding=\"async\" class=\" wp-image-2191 alignleft\" src=\"https:\/\/borest.it\/wp-content\/uploads\/2022\/04\/dolomiti-supersun.jpg\" alt=\"\" width=\"187\" height=\"120\" title=\"\">Vom<\/strong> <strong>22.03.2026 \u2013 Saisonende <\/strong>erhalten Sie, wenn Sie in einem am Angebot teilnehmenden Betrieb \u00fcbernachten, <strong>einen Skitag geschenkt<\/strong>. <strong>Es gelten folgende Verg\u00fcnstigungen<\/strong> Aufenthalt: 7 \u00dcbernachtungen zum Preis von 6 Skipass: 6 Tage Skipass zum Preis von 5<\/div>\r\n<div>\u00a0<\/div>\r\n<div class=\"cmsImage cmsMargin\"><strong>Bedingungen<\/strong> Erste \u00dcbernachtung = 22.03.2026 Erster Skitag 22.03.2026.<\/div>\r\n<div>\u00a0<\/div>\r\n<\/div>\r\n<div>\u00a0<\/div>\r\n<div class=\"cmsImage cmsMargin\">F\u00fcr den Erhalt des Gratis-Tages bitte den Voucher im Unterkunftsbetrieb anfordern.<\/div>\r\n[\/vc_column_text][\/vc_column][vc_column width=&#8220;1\/6&#8243;][\/vc_column][\/vc_row][vc_row][vc_column][vc_column_text]\r\n[\/vc_column_text][\/vc_column][\/vc_row]<\/div>","protected":false},"excerpt":{"rendered":"<p>[vc_row fullwidth=&#8220;true&#8220; parallax=&#8220;content-moving&#8220; css=&#8220;.vc_custom_1496061499212{background-image: url(http:\/\/www.borest.it\/wp-content\/uploads\/2015\/06\/dsc0332.jpg?id=122) !important;}&#8220;][vc_column][mk_page_title_box page_title=&#8220;Angebote&#8220; section_height=&#8220;600&#8243; bg_position=&#8220;center center&#8220; bg_stretch=&#8220;true&#8220; overlay=&#8220;rgba(2,2,2,0.32)&#8220; bg_effects=&#8220;parallaxZoomOut&#8220; font_color=&#8220;#ffffff&#8220;][\/vc_column][\/vc_row][vc_row column_padding=&#8220;5&#8243;][vc_column width=&#8220;1\/6&#8243;][\/vc_column][vc_column width=&#8220;2\/3&#8243; css=&#8220;.vc_custom_1494920402653{padding: 7% !important;}&#8220;][vc_column_text margin_bottom=&#8220;0&#8243; css=&#8220;.vc_custom_1768812528624{margin-bottom: 0px !important;}&#8220;] Winter 2025\/2026: Dolomiti Super Premi\u00e8re Ski Start Angebot, 4 Tage Ski zum Preis von 3\u00a0 &#8211;\u00a0 Saisonbeginn &#8211; 20.12.2025 Zum Start der Skisaison erhalten Sie, wenn Sie in einem am Angebot [&hellip;]<\/p>\n","protected":false},"author":1,"featured_media":0,"parent":0,"menu_order":0,"comment_status":"closed","ping_status":"closed","template":"","meta":{"footnotes":""},"class_list":["post-1496","page","type-page","status-publish","hentry"],"_links":{"self":[{"href":"https:\/\/borest.it\/de\/wp-json\/wp\/v2\/pages\/1496","targetHints":{"allow":["GET"]}}],"collection":[{"href":"https:\/\/borest.it\/de\/wp-json\/wp\/v2\/pages"}],"about":[{"href":"https:\/\/borest.it\/de\/wp-json\/wp\/v2\/types\/page"}],"author":[{"embeddable":true,"href":"https:\/\/borest.it\/de\/wp-json\/wp\/v2\/users\/1"}],"replies":[{"embeddable":true,"href":"https:\/\/borest.it\/de\/wp-json\/wp\/v2\/comments?post=1496"}],"version-history":[{"count":10,"href":"https:\/\/borest.it\/de\/wp-json\/wp\/v2\/pages\/1496\/revisions"}],"predecessor-version":[{"id":3491,"href":"https:\/\/borest.it\/de\/wp-json\/wp\/v2\/pages\/1496\/revisions\/3491"}],"wp:attachment":[{"href":"https:\/\/borest.it\/de\/wp-json\/wp\/v2\/media?parent=1496"}],"curies":[{"name":"wp","href":"https:\/\/api.w.org\/{rel}","templated":true}]}}