{"id":1508,"date":"2017-05-29T08:27:18","date_gmt":"2017-05-29T08:27:18","guid":{"rendered":"http:\/\/www.borest.it\/prezzi-estivi-residence-riposo"},"modified":"2026-02-17T14:24:41","modified_gmt":"2026-02-17T14:24:41","slug":"sommerpreisliste","status":"publish","type":"page","link":"https:\/\/borest.it\/de\/sommerpreisliste\/","title":{"rendered":"Sommerpreise"},"content":{"rendered":"<div class=\"wpb-content-wrapper\">[vc_row fullwidth=&#8220;true&#8220; parallax=&#8220;content-moving&#8220; parallax_image=&#8220;122&#8243; css=&#8220;.vc_custom_1496069373487{background-image: url(http:\/\/www.borest.it\/wp-content\/uploads\/2017\/05\/dsc0669.jpg?id=209) !important;}&#8220;][vc_column][mk_page_title_box page_title=&#8220;Sommerpreise &#8222;Residence Riposo&#8222;&#8220; section_height=&#8220;600&#8243; bg_position=&#8220;center center&#8220; bg_stretch=&#8220;true&#8220; overlay=&#8220;rgba(2,2,2,0.32)&#8220; bg_effects=&#8220;parallaxZoomOut&#8220; font_color=&#8220;#ffffff&#8220;][\/vc_column][\/vc_row][vc_row fullwidth=&#8220;true&#8220; column_padding=&#8220;5&#8243; css=&#8220;.vc_custom_1501251801124{margin-top: 3% !important;margin-bottom: 3% !important;}&#8220;][vc_column width=&#8220;1\/6&#8243;][\/vc_column][vc_column width=&#8220;2\/3&#8243;][vc_column_text margin_bottom=&#8220;0&#8243; css=&#8220;.vc_custom_1771338264399{margin-bottom: 0px !important;}&#8220;]\n<table border=\"0\" cellspacing=\"0\" cellpadding=\"0\" align=\"left\">\n<tbody>\n<tr>\n<td style=\"text-align: center;\" colspan=\"2\"><strong>SOMMERPREISE 2026<br \/>\n<\/strong><\/td>\n<td style=\"text-align: center;\"><strong>10.06 &#8211; 01.07<br \/>\n07.07 \u2013 31.07<br \/>\n29.08 \u2013 30.09<\/strong><\/td>\n<td style=\"text-align: center;\"><strong>02.07-06.07<br \/>\n<\/strong><strong>01.08-29.08<\/strong><\/td>\n<td><\/td>\n<\/tr>\n<tr>\n<td style=\"text-align: center;\"><a href=\"https:\/\/borest.it\/wp-content\/uploads\/2017\/05\/img_3728-150x150.jpg\"><img loading=\"lazy\" decoding=\"async\" class=\"size-thumbnail wp-image-1029 alignnone\" src=\"https:\/\/borest.it\/wp-content\/uploads\/2017\/05\/img_3728-150x150.jpg\" alt=\"\" width=\"150\" height=\"150\" title=\"\"><\/a><\/td>\n<td><a href=\"http:\/\/www.borest.it\/index.php?option=com_content&amp;view=article&amp;id=53&amp;Itemid=72&amp;lang=it\"><strong><span data-scayt_word=\"Appartamento\" data-scaytid=\"5\">Appartement<\/span> Superior<\/strong><\/a><\/td>\n<td style=\"text-align: center;\">ab \u20ac 72,00<\/td>\n<td>\n<p style=\"text-align: center;\">ab \u20ac 82,00<\/p>\n<\/td>\n<\/tr>\n<tr>\n<td style=\"text-align: center;\"><a href=\"https:\/\/borest.it\/wp-content\/uploads\/2017\/05\/foto-appartamento-comfort-riposo-150x150.jpg\"><img loading=\"lazy\" decoding=\"async\" class=\"size-thumbnail wp-image-1023 alignnone\" src=\"https:\/\/borest.it\/wp-content\/uploads\/2017\/05\/foto-appartamento-comfort-riposo-150x150.jpg\" alt=\"\" width=\"150\" height=\"150\" title=\"\" srcset=\"https:\/\/borest.it\/wp-content\/uploads\/2017\/05\/foto-appartamento-comfort-riposo-150x150.jpg 150w, https:\/\/borest.it\/wp-content\/uploads\/2017\/05\/foto-appartamento-comfort-riposo-1024x1024.jpg 1024w\" sizes=\"auto, (max-width: 150px) 100vw, 150px\" \/><\/a><\/td>\n<td><a href=\"http:\/\/www.borest.it\/index.php?option=com_content&amp;view=article&amp;id=53&amp;Itemid=72&amp;lang=it\"><strong><span data-scayt_word=\"Appartamento\" data-scaytid=\"6\">Appartement<\/span> Comfort<\/strong><\/a><\/td>\n<td>\n<p style=\"text-align: center;\" align=\"center\">ab \u20ac 72,00<\/p>\n<\/td>\n<td>\n<p align=\"center\">ab \u20ac 82,00<\/p>\n<\/td>\n<\/tr>\n<tr>\n<td><a href=\"https:\/\/borest.it\/wp-content\/uploads\/2017\/05\/img_1602-150x150.jpg\"><img loading=\"lazy\" decoding=\"async\" class=\"alignnone size-thumbnail wp-image-1026\" src=\"https:\/\/borest.it\/wp-content\/uploads\/2017\/05\/img_1602-150x150.jpg\" alt=\"\" width=\"150\" height=\"150\" title=\"\"><\/a><\/td>\n<td><strong><span data-scayt_word=\"Appartamento\" data-scaytid=\"7\">\u00a0<\/span><\/strong><a href=\"http:\/\/www.borest.it\/index.php?option=com_content&amp;view=article&amp;id=53&amp;Itemid=72&amp;lang=it\"><strong><span data-scayt_word=\"Appartamento\" data-scaytid=\"6\">Appartement<\/span> Metzd\u00ec<\/strong><\/a><br \/>\nf\u00fcr 4 Personen<\/td>\n<td>\n<p align=\"center\">ab \u20ac 72,00<\/p>\n<\/td>\n<td>\n<p align=\"center\">ab \u20ac 82,00<\/p>\n<\/td>\n<\/tr>\n<tr>\n<td><a href=\"https:\/\/borest.it\/wp-content\/uploads\/2017\/05\/01-5-150x150.jpg\"><img loading=\"lazy\" decoding=\"async\" class=\"alignnone size-thumbnail wp-image-1032\" src=\"https:\/\/borest.it\/wp-content\/uploads\/2017\/05\/01-5-150x150.jpg\" alt=\"\" width=\"150\" height=\"150\" title=\"\" srcset=\"https:\/\/borest.it\/wp-content\/uploads\/2017\/05\/01-5-150x150.jpg 150w, https:\/\/borest.it\/wp-content\/uploads\/2017\/05\/01-5-1024x1024.jpg 1024w\" sizes=\"auto, (max-width: 150px) 100vw, 150px\" \/><\/a><\/td>\n<td><a href=\"http:\/\/www.borest.it\/index.php?option=com_content&amp;view=article&amp;id=53&amp;Itemid=72&amp;lang=it\"><strong><span data-scayt_word=\"Appartamento\" data-scaytid=\"7\">Appartement<\/span> Standard<\/strong><\/a><\/td>\n<td>\n<p align=\"center\">ab \u20ac 62,00<\/p>\n<\/td>\n<td>\n<p align=\"center\">ab \u20ac 72,00<\/p>\n<\/td>\n<\/tr>\n<tr>\n<td><a href=\"https:\/\/borest.it\/wp-content\/uploads\/2017\/05\/camera-standard-150x150.jpg\"><img loading=\"lazy\" decoding=\"async\" class=\"alignnone size-thumbnail wp-image-1020\" src=\"https:\/\/borest.it\/wp-content\/uploads\/2017\/05\/camera-standard-150x150.jpg\" alt=\"\" width=\"150\" height=\"150\" title=\"\" srcset=\"https:\/\/borest.it\/wp-content\/uploads\/2017\/05\/camera-standard-150x150.jpg 150w, https:\/\/borest.it\/wp-content\/uploads\/2017\/05\/camera-standard-600x600.jpg 600w, https:\/\/borest.it\/wp-content\/uploads\/2017\/05\/camera-standard-1024x1024.jpg 1024w\" sizes=\"auto, (max-width: 150px) 100vw, 150px\" \/><\/a><\/td>\n<td><a href=\"http:\/\/www.borest.it\/index.php?option=com_content&amp;view=article&amp;id=53&amp;Itemid=72&amp;lang=it\"><strong>Standard Zimmer<\/strong><\/a><\/td>\n<td>\n<p align=\"center\">&#8212;<\/p>\n<\/td>\n<td>\n<p align=\"center\">&#8212;<\/p>\n<\/td>\n<\/tr>\n<\/tbody>\n<\/table>\n<p style=\"text-align: center;\"><strong>Zuschlag f\u00fcr Einzelzimmer &amp; Einzelzimmerappartements.<\/strong><\/p>\n[\/vc_column_text][\/vc_column][vc_column width=&#8220;1\/6&#8243;][\/vc_column][\/vc_row][vc_row fullwidth=&#8220;true&#8220; column_padding=&#8220;5&#8243;][vc_column width=&#8220;1\/6&#8243;][\/vc_column][vc_column width=&#8220;2\/3&#8243;][vc_column_text css=&#8220;.vc_custom_1771251574637{margin-bottom: 0px !important;}&#8220;]<strong>ALLGEMEINE BEDINGUNGEN:<\/strong><\/p>\n<p><strong>Die Preise verstehen sich pro Person und Tag, f\u00fcr \u00dcbernachtung<\/strong>\u00a0<strong>und f\u00fcr einen Mindestaufenthalt von 7 N\u00e4chten.<\/strong><\/p>\n<p>F\u00fcr Aufenthalte unter 7 N\u00e4chten berechnen wir einen Zuschlag.<\/p>\n<p><strong>&gt;&gt;&gt; Ortstaxe:<\/strong><br \/>\nDie angegebenen Preise verstehen sich zuz\u00fcglich 3,00 \u20ac Ortstaxe pro Person (ab 14 Jahren) und Tag. Diese Abgabe ist nicht im oben angef\u00fchrten Tagespreis enthalten.<\/p>\n<p>Die Ferienwohnungen mit Kochm\u00f6glichkeiten werden f\u00fcr einen Mindestaufenthalt von 7 N\u00e4chten vermietet.<br \/>\nAlle Zimmer\/Appartements verf\u00fcgen \u00fcber Baderaum mit Dusche oder Badewanne, Haartrockner, WC, Bidet und TV, teilweise mit Balkon.<br \/>\nDie Appartements Comfort und Superior sind ausserdem mit Geschirrsp\u00fcler und Safe ausgestattet.<\/p>\n<p><strong>Im Preis inbegriffen:<\/strong><br \/>\nDie Ben\u00fctzung von Bad und Bettw\u00e4sche, Geschirr, Wasser, Strom, Parkplatz, Steuern, Fahrrad-Abstellplatz, WLAN, Reinigung Mitte der Woche sowie die Endreinigung wenn die K\u00fcche\/Geschirr am Abreisetag sauber hinterlassen wird.<\/p>\n<p><strong>Reduzierungen f\u00fcr Kinder im Zustellbett:<br \/>\n<\/strong>Bis 7 Jahren -20%. Spezialpreise f\u00fcr Gruppen.<\/p>\n<p><strong>Zus\u00e4tzliche Dienste auf Bezahlung:<\/strong><\/p>\n<p>-Auf Anfrage k\u00f6nnen Sie das Fr\u00fchst\u00fccksb\u00fcffet im Hotel Borest (gegen\u00fcber dem Residence) buchen.<\/p>\n<p>-Brotservice m\u00f6glich mit Reservierung am Vortag innerhalb 18:00 Uhr.<\/p>\n<p>-Waschraum mit W\u00e4schetrockner.<\/p>\n<p>-Garagenplatz &#8211; Reservierung erforderlich, zum t\u00e4glichen Preis von Euro 18,00<\/p>\n<p>-Solarium &#8211; Ganzk\u00f6rper zum Preis von Euro 18<strong>,<\/strong>00 pro Sitzung.<\/p>\n<p><strong>Endreinigung:<\/strong><br \/>\nVon Euro 0,00 bis Euro 120,00, je nach Zustand der Wohnung am Tag der Abreise.<\/p>\n<p><strong>Haustiere: <\/strong>Es werden ausschlie\u00dflich Haustiere in den Standard und Comfort Appartements und in einigen Superior Appartements zugelassen zum Preis Euro 18,00 pro Tag (Max. 1 Haustier pro Zimmer). Bitte bereits bei der Reservierung melden. Haustiere haben keinen Zugang zum Fr\u00fchst\u00fccksraum.<\/p>\n<p><strong>Rauchen:<\/strong><br \/>\nGenie\u00dfen Sie unsere raucherfreien Zimmer\/Appartements.<br \/>\nAm Balkon k\u00f6nnen sie nat\u00fcrlich nach Herzenslust rauchen.\u00a0\u00c4u\u00dfern Sie bei der Reservierung den Wunsch nach einem Balkon.<\/p>\n<p><strong>Wertgegenst\u00e4nde: <\/strong>Gerne k\u00f6nnen Sie diese bei der Rezeption abgeben, Sie\u00a0erhalten daf\u00fcr einen Beleg. Alle Zimmer,\u00a0mit Ausnahme der Standard Zimmer verf\u00fcgen\u00a0\u00fcber einen Safe.\u00a0F\u00fcr unbewachte\u00a0Wertgegenst\u00e4nde wird nicht gehaftet<strong>.\u00a0<\/strong><\/p>\n<p><strong>Kinderw\u00e4gen:<\/strong><br \/>\nD\u00fcrfen nicht in den Appartements\/Zimmer mitgenommen werden, wir bieten daf\u00fcr einen eigenen Raum an.<\/p>\n<p><strong>Zutritt:\u00a0<\/strong><\/p>\n<p>Der Zutritt zu den Appartements\/Zimmer ist ausschlie\u00dflich den Hausg\u00e4sten vorbehalten.<\/p>\n<p><strong>BEDINGUNGEN:<\/strong><\/p>\n<p>Buchungen werden erst nach Erhalt eines Angeldes als definitiv angenommen. Dieses kann mit nicht \u00fcbertragbaren Euro- oder Verrechnungsscheck\u00a0sowie mittels\u00a0Postanweisung eingezahlt werden.<br \/>\nUnsere Adresse: Residence Riposo, Str. Janin\u00a02, I-39030 Colfosco \u2013 Corvara in Badia (BZ). Als Alternative k\u00f6nnen Sie uns das Angeld auch per\u00a0 Bank\u00fcberweisung zukommen lassen, unsere Bankdaten:<\/p>\n<p><strong>CASSA RURALE DELLA VAL BADIA fil. di Colfosco<\/strong><br \/>\nIBAN: <strong>IT 03 C 08010 58341 000301015222<\/strong><br \/>\nSWIFT\u00a0 CODE -BIC: <strong>RZSBIT21108.<\/strong><\/p>\n<p>W\u00e4hrend der &#8222;Maratona dles Dolomites&#8220;, (international anerkanntes Radrennen, welches dieses Jahr findet am Sonntag 5. Juli 2026 statt)<br \/>\nbitten wir uns bereits den ganzen Betrag zu schicken (Kurtaxe inklusive).<\/p>\n<p>F\u00fcr versp\u00e4tete Anreise, fr\u00fchzeitige Abreise oder nicht angereiste Personen wird laut schriftlicher Best\u00e4tigung unsererseits, der\u00a0vereinbarte Betrag in Rechnung gestellt.<br \/>\nGem\u00e4\u00df Art. 1385 des italienischen Zivilgesetzbuches und Art. 59 des Konsumentenschutzkodexes, wird\u00a0bei Stornierungen das Angeld nicht zur\u00fcckbezahlt.<\/p>\n<p><strong>Stornobedingungen:<\/strong><\/p>\n<ul>\n<li>Ab der Buchung Einbehalt des Angeldes<\/li>\n<li>3 Monate bis 1 Monat vor Anreise 50% des Buchungswertes<\/li>\n<li>1 Monat bis 14 Tage vor Anreise 70% des Buchungswertes<\/li>\n<li>14 Tage vor Reiseantritt 100% des Buchungswertes<\/li>\n<li>Ab der Buchung f\u00fcr Aufenthalte bis 3-4 N\u00e4chte &#8222;W\u00e4hrend der Maratona dles Dolomites&#8220; 100% des Buchungswertes<\/li>\n<li>Ab der Buchung f\u00fcr 1 oder 2 N\u00e4chte 100% des Buchungswertes<\/li>\n<\/ul>\n<p>Diese Stornokonditionen gelten unabh\u00e4ngig davon, ob die stornierten Zimmer wieder ganz oder auch nur teilweise weitervermietet werden.<\/p>\n<p>Deshalb raten wir gleich bei Buchung die Hotelstorno Plus Versicherung abzuschlie\u00dfen so, dass bei einer Absage die Stornogeb\u00fchren gedeckt sind.<\/p>\n<h2 style=\"text-align: center;\"><strong><a href=\"https:\/\/secure.gastropool.it\/rxtravel\/de?7869657A70624F4535316263365330714F537749305455673944696855536E424D4855594166566A4D5149442F6E75766F6449686F4E744D756E72483756376D714975594231713754647031686A2F384734724F4459444D306B7A633052616E\" target=\"_blank\" rel=\"noopener\">Reise &#8211; Storno Hotel Plus<\/a><\/strong><\/h2>\n<p><strong>Zahlung:<\/strong><br \/>\nWir bitten Sie die noch offenen Rechnungen zwischen 14:00 Uhr und 20:00 Uhr des Tages vor Ihrer Abreise zu begleichen.<br \/>\nDie Bezahlung kann mittels Bargeld, Euro- oder Verrechnungsscheck, Traveller Cheques, Visa\/Mastercard\u00a0 oder Bank\u00fcberweisung vor der Anreise\u00a0get\u00e4tigt werden.<\/p>\n<p><strong>Check in \u2013 check out:<\/strong><br \/>\nDie Appartements\/Zimmer stehen Ihnen am Anreisetag ab 15:00 Uhr zur Verf\u00fcgung. Am Abreisetag bitten wir diese innerhalb 10:00 Uhr freizugeben.[\/vc_column_text][vc_column_text]\n<table border=\"0\" cellspacing=\"0\" cellpadding=\"0\" align=\"left\">\n<tbody>\n<tr>\n<td><a href=\"https:\/\/borest.it\/wp-content\/uploads\/2017\/05\/02-5-150x150.jpg\"><img loading=\"lazy\" decoding=\"async\" class=\"alignnone size-thumbnail wp-image-1151\" src=\"https:\/\/borest.it\/wp-content\/uploads\/2017\/05\/02-5-150x150.jpg\" alt=\"\" width=\"150\" height=\"150\" title=\"\" srcset=\"https:\/\/borest.it\/wp-content\/uploads\/2017\/05\/02-5-150x150.jpg 150w, https:\/\/borest.it\/wp-content\/uploads\/2017\/05\/02-5-600x599.jpg 600w, https:\/\/borest.it\/wp-content\/uploads\/2017\/05\/02-5-1024x1024.jpg 1024w\" sizes=\"auto, (max-width: 150px) 100vw, 150px\" \/><\/a><\/td>\n<td><a href=\"http:\/\/www.borest.it\/index.php?option=com_content&amp;view=article&amp;id=53&amp;Itemid=72&amp;lang=it\"><strong>Appartement Comfort\/Superior<\/strong><\/a><\/td>\n<td colspan=\"2\"><\/td>\n<td colspan=\"2\"><\/td>\n<td rowspan=\"2\"><strong>\u00a0<\/strong><strong>\u00a0\u00a0\u00a0\u00a0\u00a0\u00a0\u00a0\u00a0\u00a0\u00a0\u00a0\u00a0\u00a0\u00a0\u00a0\u00a0\u00a0\u00a0\u00a0\u00a0\u00a0\u00a0\u00a0\u00a0\u00a0\u00a0\u00a0\u00a0\u00a0\u00a0\u00a0\u00a0\u00a0\u00a0\u00a0\u00a0\u00a0\u00a0\u00a0\u00a0\u00a0\u00a0\u00a0\u00a0\u00a0\u00a0\u00a0\u00a0\u00a0\u00a0\u00a0\u00a0\u00a0\u00a0\u00a0\u00a0\u00a0\u00a0\u00a0\u00a0\u00a0\u00a0\u00a0\u00a0\u00a0\u00a0\u00a0\u00a0\u00a0\u00a0\u00a0\u00a0\u00a0\u00a0\u00a0\u00a0\u00a0\u00a0\u00a0\u00a0\u00a0\u00a0\u00a0\u00a0\u00a0\u00a0\u00a0\u00a0\u00a0\u00a0\u00a0\u00a0\u00a0\u00a0\u00a0\u00a0\u00a0\u00a0\u00a0\u00a0\u00a0 <\/strong><\/p>\n<p><strong>\u00a0<\/strong><\/td>\n<\/tr>\n<tr>\n<td><a href=\"https:\/\/borest.it\/wp-content\/uploads\/2017\/05\/01-6-150x150.jpg\"><img loading=\"lazy\" decoding=\"async\" class=\"alignnone size-thumbnail wp-image-1148\" src=\"https:\/\/borest.it\/wp-content\/uploads\/2017\/05\/01-6-150x150.jpg\" alt=\"\" width=\"150\" height=\"150\" title=\"\" srcset=\"https:\/\/borest.it\/wp-content\/uploads\/2017\/05\/01-6-150x150.jpg 150w, https:\/\/borest.it\/wp-content\/uploads\/2017\/05\/01-6-1024x1024.jpg 1024w\" sizes=\"auto, (max-width: 150px) 100vw, 150px\" \/><\/a><\/td>\n<td><a href=\"http:\/\/www.borest.it\/index.php?option=com_content&amp;view=article&amp;id=53&amp;Itemid=72&amp;lang=it\"><strong>Appartement Standard<\/strong><\/a><\/td>\n<td colspan=\"2\"><\/td>\n<td colspan=\"2\"><\/td>\n<\/tr>\n<\/tbody>\n<\/table>\n[\/vc_column_text][\/vc_column][vc_column width=&#8220;1\/6&#8243;][\/vc_column][\/vc_row]\n<\/div>","protected":false},"excerpt":{"rendered":"<p>[vc_row fullwidth=&#8220;true&#8220; parallax=&#8220;content-moving&#8220; parallax_image=&#8220;122&#8243; css=&#8220;.vc_custom_1496069373487{background-image: url(http:\/\/www.borest.it\/wp-content\/uploads\/2017\/05\/dsc0669.jpg?id=209) !important;}&#8220;][vc_column][mk_page_title_box page_title=&#8220;Sommerpreise &#8222;Residence Riposo&#8222;&#8220; section_height=&#8220;600&#8243; bg_position=&#8220;center center&#8220; bg_stretch=&#8220;true&#8220; overlay=&#8220;rgba(2,2,2,0.32)&#8220; bg_effects=&#8220;parallaxZoomOut&#8220; font_color=&#8220;#ffffff&#8220;][\/vc_column][\/vc_row][vc_row fullwidth=&#8220;true&#8220; column_padding=&#8220;5&#8243; css=&#8220;.vc_custom_1501251801124{margin-top: 3% !important;margin-bottom: 3% !important;}&#8220;][vc_column width=&#8220;1\/6&#8243;][\/vc_column][vc_column width=&#8220;2\/3&#8243;][vc_column_text margin_bottom=&#8220;0&#8243; css=&#8220;.vc_custom_1771338264399{margin-bottom: 0px !important;}&#8220;] SOMMERPREISE 2026 10.06 &#8211; 01.07 07.07 \u2013 31.07 29.08 \u2013 30.09 02.07-06.07 01.08-29.08 Appartement Superior ab \u20ac 72,00 ab \u20ac 82,00 Appartement Comfort ab \u20ac [&hellip;]<\/p>\n","protected":false},"author":1,"featured_media":0,"parent":0,"menu_order":0,"comment_status":"closed","ping_status":"closed","template":"","meta":{"footnotes":""},"class_list":["post-1508","page","type-page","status-publish","hentry"],"_links":{"self":[{"href":"https:\/\/borest.it\/de\/wp-json\/wp\/v2\/pages\/1508","targetHints":{"allow":["GET"]}}],"collection":[{"href":"https:\/\/borest.it\/de\/wp-json\/wp\/v2\/pages"}],"about":[{"href":"https:\/\/borest.it\/de\/wp-json\/wp\/v2\/types\/page"}],"author":[{"embeddable":true,"href":"https:\/\/borest.it\/de\/wp-json\/wp\/v2\/users\/1"}],"replies":[{"embeddable":true,"href":"https:\/\/borest.it\/de\/wp-json\/wp\/v2\/comments?post=1508"}],"version-history":[{"count":10,"href":"https:\/\/borest.it\/de\/wp-json\/wp\/v2\/pages\/1508\/revisions"}],"predecessor-version":[{"id":3538,"href":"https:\/\/borest.it\/de\/wp-json\/wp\/v2\/pages\/1508\/revisions\/3538"}],"wp:attachment":[{"href":"https:\/\/borest.it\/de\/wp-json\/wp\/v2\/media?parent=1508"}],"curies":[{"name":"wp","href":"https:\/\/api.w.org\/{rel}","templated":true}]}}