{"id":1514,"date":"2017-05-16T13:50:40","date_gmt":"2017-05-16T13:50:40","guid":{"rendered":"http:\/\/www.borest.it\/prezzi-invernali"},"modified":"2026-04-13T15:33:02","modified_gmt":"2026-04-13T15:33:02","slug":"winterpreise","status":"publish","type":"page","link":"https:\/\/borest.it\/de\/winterpreise\/","title":{"rendered":"Winterpreise"},"content":{"rendered":"<div class=\"wpb-content-wrapper\">[vc_row fullwidth=&#8220;true&#8220; parallax=&#8220;content-moving&#8220; css=&#8220;.vc_custom_1501484602910{padding-bottom: 1% !important;}&#8220;][vc_column][mk_page_title_box page_title=&#8220;Winterpreise &#8222;Hotel Borest&#8222;&#8220; section_height=&#8220;600&#8243; bg_image=&#8220;http:\/\/www.borest.it\/wp-content\/uploads\/2017\/05\/foto-esterna-inverno-hotel-borest-14.jpg&#8220; bg_position=&#8220;center center&#8220; bg_stretch=&#8220;true&#8220; overlay=&#8220;rgba(2,2,2,0.32)&#8220; bg_effects=&#8220;parallaxZoomOut&#8220; font_color=&#8220;#ffffff&#8220;][\/vc_column][\/vc_row][vc_row fullwidth=&#8220;true&#8220; column_padding=&#8220;5&#8243;][vc_column width=&#8220;1\/6&#8243;][\/vc_column][vc_column width=&#8220;2\/3&#8243; css=&#8220;.vc_custom_1501249920362{padding-top: 3% !important;padding-right: 3% !important;padding-bottom: 3% !important;padding-left: 3% !important;}&#8220;][vc_column_text margin_bottom=&#8220;0&#8243; css=&#8220;.vc_custom_1776094377783{margin-bottom: 0px !important;}&#8220;]\n<table style=\"margin-left: auto; margin-right: auto;\" border=\"0\" width=\"100%\" cellspacing=\"0\" cellpadding=\"0\">\n<tbody>\n<tr>\n<td style=\"text-align: center;\" colspan=\"2\"><strong>Preise Winter 2026\/27 in Bearbeitung<\/strong><\/td>\n<td style=\"text-align: center;\"><strong>HALBPENSION<br \/>\n<\/strong><strong>01.12-22.12<br \/>\n16.01-29.01<\/strong><\/td>\n<td style=\"text-align: center;\"><strong>HALBPENSION<\/strong><\/p>\n<p><strong>23.12.-06.01<\/strong><\/td>\n<td style=\"text-align: center;\"><strong>HALBPENSION<\/strong><\/p>\n<p><strong>07.01-15.01<\/strong><\/td>\n<td style=\"text-align: center;\"><strong>HALBPENSION<\/strong><\/p>\n<p><strong>30.01-05.03<\/strong><\/td>\n<td style=\"text-align: center;\"><\/td>\n<\/tr>\n<tr>\n<td style=\"width: 150px; text-align: center;\" valign=\"center\"><a href=\"https:\/\/borest.it\/wp-content\/uploads\/2017\/05\/hotel_borest_20100727_1147806314-1-150x150.jpg\"><img loading=\"lazy\" decoding=\"async\" class=\"wp-image-996 size-thumbnail aligncenter\" src=\"https:\/\/borest.it\/wp-content\/uploads\/2017\/05\/hotel_borest_20100727_1147806314-1-150x150.jpg\" alt=\"\" width=\"150\" height=\"150\" title=\"\" srcset=\"https:\/\/borest.it\/wp-content\/uploads\/2017\/05\/hotel_borest_20100727_1147806314-1-150x150.jpg 150w, https:\/\/borest.it\/wp-content\/uploads\/2017\/05\/hotel_borest_20100727_1147806314-1-600x597.jpg 600w, https:\/\/borest.it\/wp-content\/uploads\/2017\/05\/hotel_borest_20100727_1147806314-1-1024x1024.jpg 1024w\" sizes=\"auto, (max-width: 150px) 100vw, 150px\" \/><\/a><\/td>\n<td style=\"text-align: center; vertical-align: middle;\"><strong>Superior Zimmer 3-4 Personen<\/strong><\/td>\n<td style=\"text-align: center; vertical-align: middle;\">\u20ac 138,00\/165,00<\/td>\n<td style=\"text-align: center; vertical-align: middle;\">\u20ac 168,00\/200,00<\/td>\n<td style=\"text-align: center; vertical-align: middle;\">\u20ac 132,00\/158,00<\/td>\n<td style=\"text-align: center; vertical-align: middle;\">\u20ac 148,00\/177,00<\/td>\n<td style=\"text-align: center; vertical-align: middle;\"><\/td>\n<\/tr>\n<tr>\n<td style=\"width: 200px; text-align: center;\"><a href=\"https:\/\/borest.it\/wp-content\/uploads\/2017\/05\/hotel_borest_20100727_1275776489-1-150x150.jpg\"><img loading=\"lazy\" decoding=\"async\" class=\"wp-image-999 size-thumbnail aligncenter\" src=\"https:\/\/borest.it\/wp-content\/uploads\/2017\/05\/hotel_borest_20100727_1275776489-1-150x150.jpg\" alt=\"\" width=\"150\" height=\"150\" title=\"\" srcset=\"https:\/\/borest.it\/wp-content\/uploads\/2017\/05\/hotel_borest_20100727_1275776489-1-150x150.jpg 150w, https:\/\/borest.it\/wp-content\/uploads\/2017\/05\/hotel_borest_20100727_1275776489-1-600x597.jpg 600w, https:\/\/borest.it\/wp-content\/uploads\/2017\/05\/hotel_borest_20100727_1275776489-1-1024x1024.jpg 1024w\" sizes=\"auto, (max-width: 150px) 100vw, 150px\" \/><\/a><\/td>\n<td style=\"text-align: center; vertical-align: middle;\"><strong>Doppel\/Zweibett- Zimmer<\/strong><\/td>\n<td style=\"text-align: center; vertical-align: middle;\">\u20ac 138,00\/165,00<\/td>\n<td style=\"text-align: center; vertical-align: middle;\">\u20ac 168,00\/200,00<\/td>\n<td style=\"text-align: center; vertical-align: middle;\">\u20ac 132,00\/158,00<\/td>\n<td style=\"text-align: center; vertical-align: middle;\">\u20ac 148,00\/177,00<\/td>\n<td style=\"text-align: center; vertical-align: middle;\"><\/td>\n<\/tr>\n<tr>\n<td style=\"width: 200px; text-align: center;\"><a href=\"https:\/\/borest.it\/wp-content\/uploads\/2017\/05\/camera-singola-borest-150x150.jpg\"><img loading=\"lazy\" decoding=\"async\" class=\"wp-image-993 size-thumbnail aligncenter\" src=\"https:\/\/borest.it\/wp-content\/uploads\/2017\/05\/camera-singola-borest-150x150.jpg\" alt=\"\" width=\"150\" height=\"150\" title=\"\" srcset=\"https:\/\/borest.it\/wp-content\/uploads\/2017\/05\/camera-singola-borest-150x150.jpg 150w, https:\/\/borest.it\/wp-content\/uploads\/2017\/05\/camera-singola-borest-1024x1024.jpg 1024w\" sizes=\"auto, (max-width: 150px) 100vw, 150px\" \/><\/a><\/td>\n<td style=\"text-align: center; vertical-align: middle;\"><strong>Einzelzimmer<\/strong><\/td>\n<td style=\"text-align: center; vertical-align: middle;\">\u00a0\u20ac 158,00\/189,00<\/td>\n<td style=\"text-align: center; vertical-align: middle;\">\u20ac 188,00\/225,00<\/td>\n<td style=\"text-align: center; vertical-align: middle;\">\u20ac 152,00\/182,00<\/td>\n<td style=\"text-align: center; vertical-align: middle;\">\u20ac 168,00\/200,00<\/td>\n<td style=\"text-align: center; vertical-align: middle;\"><\/td>\n<\/tr>\n<tr>\n<td style=\"width: 200px; text-align: center;\" valign=\"center\"><a href=\"https:\/\/borest.it\/wp-content\/uploads\/2017\/05\/camera-de-luxe-borest-150x150.jpg\"><img loading=\"lazy\" decoding=\"async\" class=\"wp-image-1002 size-thumbnail aligncenter\" src=\"https:\/\/borest.it\/wp-content\/uploads\/2017\/05\/camera-de-luxe-borest-150x150.jpg\" alt=\"\" width=\"150\" height=\"150\" title=\"\" srcset=\"https:\/\/borest.it\/wp-content\/uploads\/2017\/05\/camera-de-luxe-borest-150x150.jpg 150w, https:\/\/borest.it\/wp-content\/uploads\/2017\/05\/camera-de-luxe-borest-1024x1024.jpg 1024w\" sizes=\"auto, (max-width: 150px) 100vw, 150px\" \/><\/a><\/td>\n<td style=\"text-align: center; vertical-align: middle;\"><strong>De Luxe Zimmer<\/strong><\/td>\n<td style=\"text-align: center; vertical-align: middle;\">\u20ac 148,00\/177,00<\/td>\n<td style=\"text-align: center; vertical-align: middle;\">\u20ac 178,00\/213,00<\/td>\n<td style=\"text-align: center; vertical-align: middle;\">\u20ac 142,00\/170,00<\/td>\n<td style=\"text-align: center; vertical-align: middle;\">\u20ac 158,00\/189,00<\/td>\n<td style=\"text-align: center; vertical-align: middle;\"><\/td>\n<\/tr>\n<\/tbody>\n<\/table>\n<p style=\"text-align: center;\"><strong>ZU SYLVESTER: F\u00fcr Aufenthalt unter 10 N\u00e4chte, berechnen wir einen Zuschlag.<\/strong><\/p>\n[\/vc_column_text][\/vc_column][vc_column width=&#8220;1\/6&#8243;][\/vc_column][\/vc_row][vc_row fullwidth=&#8220;true&#8220;][vc_column width=&#8220;1\/6&#8243;][\/vc_column][vc_column width=&#8220;2\/3&#8243;][vc_column_text css=&#8220;.vc_custom_1776081778771{margin-bottom: 0px !important;}&#8220;]<strong>Allgemeine Bedingungen:<\/strong><\/p>\n<p>Die angegebenen Preise verstehen sich pro Person und Tag mit <strong>Halbpension,\u00a0<\/strong>f\u00fcr einen Mindestaufenthalt von 7 N\u00e4chten. Inbegriffen ist ein reichhaltiges Fr\u00fchst\u00fcck vom Buffet sowie ein 3-g\u00e4ngiges Men\u00fc zum Abendessen. Getr\u00e4nke werden extra berechnet.<br \/>\nF\u00fcr Aufenthalte unter 7 N\u00e4chten berechnen wir einen Zuschlag.<\/p>\n<p><strong>Erm\u00e4\u00dfigungen*:<br \/>\nBis 2 Jahre: -50%<br \/>\nvon 3 bis 7 Jahren: -20%<br \/>\nvon 8 bis 10 Jahren: -10%<\/strong><\/p>\n<p><strong>*Kindererm\u00e4\u00dfigungen werden nur f\u00fcr Zimmer mit zwei voll zahlenden Personen, f\u00fcr Minimum 7 \u00dcbernachtungen gew\u00e4hrt. Wir machen keine Erm\u00e4\u00dfigungen in den Zeiten: vom 01.12.2026 bis zum 07.01.2027 und vom 02.02.2027 bis Ende Saison (ausgenommen andere Vereinbarungen mit der Direktion).<\/strong><\/p>\n<p><span style=\"font-size: medium;\"><strong>Ortstaxe:<\/strong><br \/>\nDie angegebenen Preise verstehen sich zuz\u00fcglich 3,00 \u20ac Ortstaxe pro Person und Tag <\/span><span style=\"font-size: medium;\">(ab 14 Jahren)<\/span><span style=\"font-size: medium;\">. Diese Abgabe ist nicht im oben angef\u00fchrten Tagespreis enthalten.<\/span><\/p>\n<p><strong>Nicht eingenommene Mahlzeiten werden nicht verg\u00fctet.<\/strong><\/p>\n<p><strong>Die Zimmer <\/strong>verf\u00fcgen \u00fcber Dusche, Balkon (ausgenommen Einzelzimmer) sowie Sat-TV und Safe.<\/p>\n<p><strong>Im<\/strong><strong> Hotel: <\/strong>Bar, Restaurant auch mittags ge\u00f6ffnet, WLAN und Skiraum.<\/p>\n<p><strong>Garage<\/strong>: Euro 18,00 pro Tag (Vormerkung erw\u00fcnscht).<\/p>\n<p><strong>Haustiere: <\/strong>Es werden ausschlie\u00dflich Haustiere, zum Preis von Euro 18,00 pro Tag (Max. 1 Haustier pro Zimmer) angenommen. Bitte bereits bei der Reservierung mitteilen. Haustiere haben keinen Zugang zum Fr\u00fchst\u00fccksraum und zum Restaurant.<\/p>\n<p><strong>Wertgegenst\u00e4nde:<\/strong> Gerne k\u00f6nnen Sie diese bei der Rezeption abgeben; daf\u00fcr erhalten Sie\u00a0einen Beleg. Alle Zimmer verf\u00fcgen \u00fcber einen Safe.\u00a0F\u00fcr unbewachte\u00a0Wertgegenst\u00e4nde wird nicht gehaftet.<\/p>\n<p><strong>BEDINGUNGEN:<\/strong><\/p>\n<p>Buchungen werden erst nach Erhalt eines Angeldes als definitiv angenommen. Dieses kann mit nicht \u00fcbertragbaren Euro- oder Verrechnungscheck sowie mittels\u00a0Postanweisung eingezahlt werden.<br \/>\nUnsere Adresse: Hotel Borest, Pecei Str.\u00a052, I-39030 Colfosco \u2013 Corvara in Badia (BZ). Als Alternative k\u00f6nnen Sie uns das Angeld auch per Bank\u00fcberweisung zukommen lassen, unsere Bankdaten:<\/p>\n<p><strong>CASSA RURALE DELLA VAL BADIA fil. di Colfosco<\/strong><br \/>\nIBAN: <strong>IT 03 C 08010 58341 000301015222.<\/strong><br \/>\nSWIFT CODE: <strong>RZSBIT21108<\/strong>.<\/p>\n<p>F\u00fcr versp\u00e4tete Anreise, fr\u00fchzeitige Abreise oder nicht angereiste Personen, wird laut schriftlicher Best\u00e4tigung unsererseits,\u00a0der\u00a0vereinbarte Betrag in Rechnung gestellt.<br \/>\nGem\u00e4\u00df Art. 1385 des italienischen\u00a0Zivilgesetzbuches und Art. 59 des Konsumentenschutzkodexes,\u00a0 wird\u00a0bei Stornierungen\u00a0das Angeld\u00a0nicht zur\u00fcckbezahlt.<\/p>\n<p><strong>Stornobedingungen:<\/strong><\/p>\n<ul>\n<li>Ab der Buchung Einbehalt des Angeldes<\/li>\n<li>3 Monate bis 2 Monate vor Anreise 50% des Buchungswertes<\/li>\n<li>2 Monate bis 14 Tage vor Anreise 70% des Buchungswertes<\/li>\n<li>14 Tage vor Reiseantritt 100% des Buchungswertes<\/li>\n<\/ul>\n<p>Diese Stornokonditionen gelten unabh\u00e4ngig davon, ob die stornierten Zimmer wieder ganz oder auch nur teilweise weitervermietet werden.<\/p>\n<p>Deshalb raten wir gleich bei Buchung die Hotelstorno Plus Versicherung abzuschlie\u00dfen so, dass bei einer Absage die Stornogeb\u00fchren gedeckt sind.<\/p>\n<h2 style=\"text-align: center;\"><a href=\"https:\/\/secure.gastropool.it\/rxtravel\/de?7869657A70624F4535316263365330714F537749305455673944696855536E424D4855594166566A4D5149442F6E75766F6449686F4E744D756E72483756376D714975594231713754647031686A2F384734724F4459444D306B7A633052616E\" target=\"_blank\" rel=\"noopener\">Reise &#8211; Storno Hotel Plus<\/a><\/h2>\n<p><strong>Zahlung:<br \/>\n<\/strong>Barzahlung, Euro- oder Verrechnungsscheck, Visa\/Mastercard oder Bank\u00fcberweisung vor der Anreise.<\/p>\n<p><strong>Check in \u2013 check out:<\/strong><br \/>\nDie Zimmer stehen Ihnen am Anreisetag ab 15:00 Uhr zur Verf\u00fcgung. Am Abreisetag bitten wir Sie das Zimmer innerhalb 10:00 Uhr freizugeben.<\/p>\n<h1 class=\"cms cmsMargin\">Winterangebote 2026\/27<\/h1>\n<h1 class=\"cms cmsMargin\">Dolomiti Super Premi\u00e8re<\/h1>\n<h5 class=\"cms cmsMargin\">Ski Start Angebot, 4 Tage Ski zum Preis von 3<\/h5>\n<h5 class=\"cms cmsMargin\">Saisonbeginn &#8211; 19.12.2026<\/h5>\n<div class=\"cmsImage cmsMargin\">\n<p><strong><img loading=\"lazy\" decoding=\"async\" class=\" wp-image-2188 alignleft\" src=\"https:\/\/borest.it\/wp-content\/uploads\/2022\/04\/dolomiti-premiere.png\" alt=\"\" width=\"145\" height=\"93\" title=\"\">Zum Start der Skisaison <\/strong>erhalten Sie, wenn Sie in einem am Angebot teilnehmenden Betrieb untergebracht sind, einen Skitag geschenkt. Es gelten folgende Verg\u00fcnstigungen:<\/p>\n<p>* Unterkunft: 4 \u00dcbernachtungen zum Preis von 3\/ bzw. 8 \u00dcbernachtungen zum Preis von 6<br \/>\n* Skipass: 4 Tage zum Preis von 3, bzw. 8 Tage zum Preis von 6<br \/>\n* Skischulen &amp; Ski-\/Snowboard verleihe (die an der Aktion teilgenommen haben): Sonderpreise<\/p>\n<\/div>\n<div class=\"cmsList cmsMargin\">\n<p>F\u00fcr den Erhalt des Gratis-Tages und der Erm\u00e4\u00dfigungen bitte den Voucher im Unterkunftsbetrieb anfordern.<\/p>\n<\/div>\n<h1 class=\"cms cmsMargin\">Dolomiti Spring Days<\/h1>\n<h5 class=\"cms cmsMargin\">Ski, Sonne, Sensationspreise!<\/h5>\n<h3 class=\"cms cmsMargin\"><img loading=\"lazy\" decoding=\"async\" class=\" wp-image-2191 alignleft\" style=\"font-size: 16px;\" src=\"https:\/\/borest.it\/wp-content\/uploads\/2022\/04\/dolomiti-supersun.jpg\" alt=\"\" width=\"149\" height=\"95\" title=\"\"><\/h3>\n<div class=\"cmsImage cmsMargin\">\n<p>Vom <strong>14.03.2027 \u2013 20.03.2027 7 \u00dcbernachtungen zum Preis von 6.<\/strong><\/p>\n<p><strong>Es gelten folgende Verg\u00fcnstigungen<\/strong><br \/>\nAufenthalt: 7 \u00dcbernachtungen zum Preis von 6<br \/>\nSkipass: 6 Tage Skipass zum Preis von 5<\/p>\n<p><strong>Bedingungen<\/strong><br \/>\nErste \u00dcbernachtung = Samstag, 13.03.2027<br \/>\nErster Skitag = Sonntag, 14.03.2027<\/p>\n<p>Der Voucher f\u00fcr den Gratis-Tag wird direkt vom Hotel ausgestellt.<\/p>\n<p><strong>Ab 21.03.2027 bis Saisonende<\/strong>*: 4 Tage Skiurlaub zum Preis von 3.<br \/>\n&#8211; Skifahren in der Fr\u00fchlingssonne ab 4 N\u00e4chten 1 gratis: Skipass und Unterkunft!<br \/>\n&#8211; Bei einem Aufenthalt von 8 N\u00e4chten sind 2 N\u00e4chte kostenlos.<br \/>\n&#8211; Auch die Skischule und der Skiverleih bieten Sonderpreise an.<\/p>\n<p>Der Voucher f\u00fcr den\/die Gratis-Tag\/e wird direkt vom Hotel ausgestellt.<\/p>\n<\/div>\n[\/vc_column_text][\/vc_column][vc_column width=&#8220;1\/6&#8243;][\/vc_column][\/vc_row]\n<\/div>","protected":false},"excerpt":{"rendered":"<p>[vc_row fullwidth=&#8220;true&#8220; parallax=&#8220;content-moving&#8220; css=&#8220;.vc_custom_1501484602910{padding-bottom: 1% !important;}&#8220;][vc_column][mk_page_title_box page_title=&#8220;Winterpreise &#8222;Hotel Borest&#8222;&#8220; section_height=&#8220;600&#8243; bg_image=&#8220;http:\/\/www.borest.it\/wp-content\/uploads\/2017\/05\/foto-esterna-inverno-hotel-borest-14.jpg&#8220; bg_position=&#8220;center center&#8220; bg_stretch=&#8220;true&#8220; overlay=&#8220;rgba(2,2,2,0.32)&#8220; bg_effects=&#8220;parallaxZoomOut&#8220; font_color=&#8220;#ffffff&#8220;][\/vc_column][\/vc_row][vc_row fullwidth=&#8220;true&#8220; column_padding=&#8220;5&#8243;][vc_column width=&#8220;1\/6&#8243;][\/vc_column][vc_column width=&#8220;2\/3&#8243; css=&#8220;.vc_custom_1501249920362{padding-top: 3% !important;padding-right: 3% !important;padding-bottom: 3% !important;padding-left: 3% !important;}&#8220;][vc_column_text margin_bottom=&#8220;0&#8243; css=&#8220;.vc_custom_1776094377783{margin-bottom: 0px !important;}&#8220;] Preise Winter 2026\/27 in Bearbeitung HALBPENSION 01.12-22.12 16.01-29.01 HALBPENSION 23.12.-06.01 HALBPENSION 07.01-15.01 HALBPENSION 30.01-05.03 Superior Zimmer 3-4 Personen \u20ac 138,00\/165,00 \u20ac [&hellip;]<\/p>\n","protected":false},"author":1,"featured_media":0,"parent":0,"menu_order":0,"comment_status":"closed","ping_status":"closed","template":"","meta":{"footnotes":""},"class_list":["post-1514","page","type-page","status-publish","hentry"],"_links":{"self":[{"href":"https:\/\/borest.it\/de\/wp-json\/wp\/v2\/pages\/1514","targetHints":{"allow":["GET"]}}],"collection":[{"href":"https:\/\/borest.it\/de\/wp-json\/wp\/v2\/pages"}],"about":[{"href":"https:\/\/borest.it\/de\/wp-json\/wp\/v2\/types\/page"}],"author":[{"embeddable":true,"href":"https:\/\/borest.it\/de\/wp-json\/wp\/v2\/users\/1"}],"replies":[{"embeddable":true,"href":"https:\/\/borest.it\/de\/wp-json\/wp\/v2\/comments?post=1514"}],"version-history":[{"count":10,"href":"https:\/\/borest.it\/de\/wp-json\/wp\/v2\/pages\/1514\/revisions"}],"predecessor-version":[{"id":3638,"href":"https:\/\/borest.it\/de\/wp-json\/wp\/v2\/pages\/1514\/revisions\/3638"}],"wp:attachment":[{"href":"https:\/\/borest.it\/de\/wp-json\/wp\/v2\/media?parent=1514"}],"curies":[{"name":"wp","href":"https:\/\/api.w.org\/{rel}","templated":true}]}}